{"id":9,"date":"2015-06-26T10:41:06","date_gmt":"2015-06-26T08:41:06","guid":{"rendered":"http:\/\/www.skriving.de\/wordpress\/?page_id=9"},"modified":"2025-05-05T08:04:00","modified_gmt":"2025-05-05T06:04:00","slug":"persoenlich","status":"publish","type":"page","link":"https:\/\/www.skriving.de\/wordpress\/persoenlich\/","title":{"rendered":"Maike Frie"},"content":{"rendered":"<figure id=\"attachment_84\" aria-labelledby=\"figcaption_attachment_84\" class=\"wp-caption alignleft\" style=\"width: 215px\"><a href=\"https:\/\/www.skriving.de\/wordpress\/wp-content\/uploads\/2015\/06\/Maike-Frie-Portr\u00e4t.jpg\"><img loading=\"lazy\" decoding=\"async\" class=\"size-full wp-image-84\" src=\"https:\/\/www.skriving.de\/wordpress\/wp-content\/uploads\/2015\/06\/Maike-Frie-Portr\u00e4t.jpg\" alt=\"Foto: Sandra Konold\" width=\"215\" height=\"273\" \/><\/a><figcaption id=\"figcaption_attachment_84\" class=\"wp-caption-text\">Foto: Sandra Konold<\/figcaption><\/figure>\n<p>Ich bin M\u00fcnsteranerin von 1976. Nach Stationen in Oslo, Hamburg und Stuttgart heimgekehrt.<\/p>\n<p>Studierte Skandinavistin mit flie\u00dfendem Norwegisch und Kenntnissen in D\u00e4nisch und Schwedisch, Kulturwissenschaftlerin und Germanistin, von der <a href=\"https:\/\/www.dprg.org\/\" target=\"_blank\" rel=\"noopener noreferrer\">Deutsche Public Relations Gesellschaft<\/a> gepr\u00fcfte PR-Beraterin. Inzwischen freiberuflich t\u00e4tig als Dozentin (Norwegisch und Kreatives Schreiben), Autorin und Lektorin (Mitglied im Berufsverband <a href=\"http:\/\/www.vfll.de\" target=\"_blank\" rel=\"noopener noreferrer\">VFLL<\/a> und zertifiziert von der <a href=\"https:\/\/www.medien-akademie.de\/seminarkategorie\/seminare\/freies-lektorat\/\" target=\"_blank\" rel=\"noopener noreferrer\">Akademie der Deutschen Medien<\/a>).<\/p>\n<p>Als Freiberuflerin steht man manchmal ganz sch\u00f6n alleine da. Damit man bei gr\u00f6\u00dferen Projekten keine kalten F\u00fc\u00dfe bekommt oder weil einem der Austausch mit Kollginnen fehlt, sind <strong>gute Netzwerke<\/strong> unerl\u00e4sslich. Auch ich arbeite seit Jahren mit vertrauten PartnerInnen zusammen: Wir tauschen uns aus, wir erg\u00e4nzen uns, wir stemmen gemeinsam gr\u00f6\u00dfere Auftr\u00e4ge, wir vertreten uns gegenseitig.<\/p>\n<p>Im <strong>M\u00fcnsterland<\/strong> ist das eine Gruppe von Fotografinnen, Texterinnen, Marketing-Spezialistinnen und Grafikerinnen. Schreibwerkst\u00e4tten organisiere ich gerne gemeinsam mit <a href=\"http:\/\/www.schreibraum.ms\" target=\"_blank\" rel=\"noopener noreferrer\">Eva-Maria Lerche vom Schreibraum<\/a> M\u00fcnster und mit der M\u00fcnsteraner Autorenkollegin <a href=\"https:\/\/katjaschreibt.jimdo.com\/\" target=\"_blank\" rel=\"noopener noreferrer\">Katja Angenent<\/a>. Vernetzt bin ich auch mit Lektorats-KollegInnen im <strong>Berufsverband der Freien Lektorinnen und Lektoren<\/strong>, dem <a href=\"http:\/\/www.vfll.de\" target=\"_blank\" rel=\"noopener noreferrer\">VFLL<\/a>, sowie vielen wortstarken Frauen im <a href=\"http:\/\/www.texttreff.de\" target=\"_blank\" rel=\"noopener noreferrer\">Texttreff <\/a>und bei den <a href=\"https:\/\/www.moerderische-schwestern.eu\/start\/\" target=\"_blank\" rel=\"noopener\">M\u00f6rderischen Schwestern<\/a>.<a href=\"http:\/\/www.texttreff.de\" target=\"_blank\" rel=\"noopener noreferrer\"><br \/>\n<\/a><\/p>\n<ul>\n<li>Als <strong>Dozentin<\/strong> gebe ich <a href=\"https:\/\/www.skriving.de\/wordpress\/schreibwerkstatt\/\" target=\"_blank\" rel=\"noopener noreferrer\">Schreibwerkst\u00e4tten<\/a> zu verschiedenen Themen rund ums <strong>Kreative Schreiben<\/strong> und ab und zu auch <strong>Norwegisch-Kurse<\/strong>. Au\u00dferdem gebe ich Seminare an der Texttreff-Akademie.<\/li>\n<li>Als <strong>Lektorin<\/strong> arbeite ich haupts\u00e4chlich f\u00fcr AutorInnen direkt &#8211; entweder als Begleiterin beim Entstehen eines Manuskriptes oder f\u00fcr SelfpublisherInnen &#8211; und f\u00fcr Verlage. Mein Schwerpunkt ist die <strong>Belletristik<\/strong>, h\u00e4ufig Fantasy und Jugendbuch. <a href=\"https:\/\/www.skriving.de\/wordpress\/aus-dem-lektorat-odinsbarn\/\" target=\"_blank\" rel=\"noopener noreferrer\">\u00dcbersetzungslektorate<\/a> und <a href=\"https:\/\/www.skriving.de\/wordpress\/norwegisch\/\" target=\"_blank\" rel=\"noopener noreferrer\">\u00dcbersetzungen<\/a> verbinden meine beiden Leidenschaften Norwegen und geschriebene Worte.<\/li>\n<li>Als <strong>Fachautorin<\/strong> habe ich bereits in der <a href=\"https:\/\/www.uschtrin.de\/produkte\/weiteres\/federwelt\" target=\"_blank\" rel=\"noopener noreferrer\">Federwelt<\/a> ver\u00f6ffentlicht. Den Newsletter rund ums Schreiben, <a href=\"http:\/\/www.autorenforum.de\/the-tempest\" target=\"_blank\" rel=\"noopener noreferrer\">The Tempest,<\/a> begleite ich als Marketingexpertin. Au\u00dferdem ver\u00f6ffentliche ich dort regelm\u00e4\u00dfig <strong>Schreibtipps<\/strong> und Artikel rund ums Kreative Schreiben. Weitere Schreibtipps und -anregungen gibt es auch in meinem <a href=\"https:\/\/www.skriving.de\/wordpress\/blog\/\" target=\"_blank\" rel=\"noopener noreferrer\">Blog<\/a>.<\/li>\n<li>Als <strong>Autorin<\/strong> schreibe ich haupts\u00e4chlich Kurzgeschichten, von denen eine Reihe in Literaturzeitschriften und Anthologien ver\u00f6ffentlich wurden (der jeweilige Jahresr\u00fcckblick findet sich im Blog. Einige wurden auch ausgezeichnet. 2019 war ich auch zum ersten Mal <strong>Jurorin<\/strong> bei einem Literaturwettbewerb, dem <a href=\"https:\/\/www.skriving.de\/wordpress\/kurzgeschichtenwettbewerb-der-uni-muenster\/\" target=\"_blank\" rel=\"noopener noreferrer\">Kurzgeschichtenwettbewerb der WWU M\u00fcnster<\/a>.<\/li>\n<\/ul>\n<h2>Interviews \/ Presse<\/h2>\n<p>Juni 2020: <a href=\"https:\/\/www.youtube.com\/watch?v=sdTppj8UuXI\" target=\"_blank\" rel=\"noopener noreferrer\">Interview mit der <strong>M\u00fcnsteraner Autorin Katja Angenent<\/strong> auf Ihrem YouTube-Kanal &#8220;Katja plaudert&#8221;<\/a><\/p>\n<p>Mai 2020: <a href=\"https:\/\/www1.wdr.de\/mediathek\/audio\/wdr2\/wdr2-sonntagsfragen\/audio-wdr--sonntagsfragen-schreibwerkstatt-100.html\" target=\"_blank\" rel=\"noopener noreferrer\">Interview von Gisela Steinhauer f\u00fcr die <strong>WDR2 Sonntagsfragen<\/strong> rund um Schreibwerkst\u00e4tten<\/a><\/p>\n<p>Mai 2020: <a href=\"https:\/\/www.autorenforum.de\/the-tempest\/73-jahrgang-2020\" target=\"_blank\" rel=\"noopener noreferrer\">Interview des <strong>Newsletters Tempest rund ums Kreative Schreiben<\/strong> \u00fcber Kooperationen unter Schreibkursleitenden<\/a> mit meinen Kolleginnen Eva-Maria Lerche, Katja Angenent und mir<\/p>\n<p>2019: <a href=\"https:\/\/www.uni-muenster.de\/imperia\/md\/content\/wwu\/alumni\/interview_schreibwerkstaetten.pdf\" target=\"_blank\" rel=\"noopener noreferrer\">Interview mit Dr. Nora Kluck vom <strong>Alumni Magazin der Universit\u00e4t M\u00fcnster<\/strong> mit meinen Kolleginnen Eva-Maria Lerche, Katja Angenent und mir zu Schreibwerkst\u00e4tten<\/a><\/p>\n<p>2018: <a href=\"https:\/\/schreiben-und-leben.de\/13\/\" target=\"_blank\" rel=\"noopener noreferrer\">Podcastfolge mit <strong>Andreas Schuster von &#8220;Leben und Schreiben&#8221;<\/strong> zum Schreiben f\u00fcr Literaturzeitschriften und Anthologieprojekte<\/a><\/p>\n<p>Mai 2011: <a href=\"https:\/\/www.wn.de\/Muensterland\/Kreis-Steinfurt\/Steinfurt\/2011\/05\/Steinfurt-Neuy-Start-zur-Museumseroeffnung\" target=\"_blank\" rel=\"noopener noreferrer\">Artikel in den <strong>Westf\u00e4lischen Nachrichten zu einem Kurzgeschichtenband<\/strong> zu Bildern von Heinrich Neuy<\/a><\/p>\n<p>&nbsp;<\/p>\n","protected":false},"excerpt":{"rendered":"<p>Ich bin M\u00fcnsteranerin von 1976. Nach Stationen in Oslo, Hamburg und Stuttgart heimgekehrt. Studierte Skandinavistin mit flie\u00dfendem Norwegisch und Kenntnissen in D\u00e4nisch und Schwedisch, Kulturwissenschaftlerin und Germanistin, von der Deutsche Public Relations Gesellschaft gepr\u00fcfte PR-Beraterin. Inzwischen freiberuflich t\u00e4tig als Dozentin (Norwegisch und Kreatives Schreiben), Autorin und Lektorin (Mitglied im Berufsverband VFLL und zertifiziert von der [&hellip;]<\/p>\n","protected":false},"author":1,"featured_media":0,"parent":0,"menu_order":0,"comment_status":"closed","ping_status":"closed","template":"","meta":{"om_disable_all_campaigns":false,"_monsterinsights_skip_tracking":false,"_monsterinsights_sitenote_active":false,"_monsterinsights_sitenote_note":"","_monsterinsights_sitenote_category":0,"footnotes":""},"class_list":["post-9","page","type-page","status-publish","hentry"],"aioseo_notices":[],"_links":{"self":[{"href":"https:\/\/www.skriving.de\/wordpress\/wp-json\/wp\/v2\/pages\/9","targetHints":{"allow":["GET"]}}],"collection":[{"href":"https:\/\/www.skriving.de\/wordpress\/wp-json\/wp\/v2\/pages"}],"about":[{"href":"https:\/\/www.skriving.de\/wordpress\/wp-json\/wp\/v2\/types\/page"}],"author":[{"embeddable":true,"href":"https:\/\/www.skriving.de\/wordpress\/wp-json\/wp\/v2\/users\/1"}],"replies":[{"embeddable":true,"href":"https:\/\/www.skriving.de\/wordpress\/wp-json\/wp\/v2\/comments?post=9"}],"version-history":[{"count":26,"href":"https:\/\/www.skriving.de\/wordpress\/wp-json\/wp\/v2\/pages\/9\/revisions"}],"predecessor-version":[{"id":4010,"href":"https:\/\/www.skriving.de\/wordpress\/wp-json\/wp\/v2\/pages\/9\/revisions\/4010"}],"wp:attachment":[{"href":"https:\/\/www.skriving.de\/wordpress\/wp-json\/wp\/v2\/media?parent=9"}],"curies":[{"name":"wp","href":"https:\/\/api.w.org\/{rel}","templated":true}]}}