{"id":41,"date":"2015-06-26T10:49:42","date_gmt":"2015-06-26T08:49:42","guid":{"rendered":"http:\/\/www.skriving.de\/wordpress\/?page_id=41"},"modified":"2025-04-28T09:57:53","modified_gmt":"2025-04-28T07:57:53","slug":"norwegisch","status":"publish","type":"page","link":"https:\/\/www.skriving.de\/wordpress\/norwegisch\/","title":{"rendered":"Norwegisch"},"content":{"rendered":"<p><a href=\"https:\/\/www.skriving.de\/wordpress\/wp-content\/uploads\/2015\/06\/Norwegen_Fjord_klein.jpg\"><img loading=\"lazy\" decoding=\"async\" class=\"alignleft wp-image-116 size-medium\" src=\"https:\/\/www.skriving.de\/wordpress\/wp-content\/uploads\/2015\/06\/Norwegen_Fjord_klein-300x201.jpg\" alt=\"Norwegen_Fjord_klein\" width=\"300\" height=\"201\" \/><\/a><\/p>\n<p>Norwegisch? Norwegisch!<\/p>\n<p>skriving steht f\u00fcr die Leidenschaft f\u00fcr Skandinavien, die Kultur und Menschen. Klare Worte, Schn\u00f6rkellosigkeit, Zuverl\u00e4ssigkeit \u2013 gespiegelt in der Arbeitsweise und den Ergebnissen von skriving.<\/p>\n<p>Norwegischunterricht und Wochenendseminare geh\u00f6ren seit Jahren zum Portfolio von skriving \u2013 an der <a href=\"http:\/\/www.hshl.de\" target=\"_blank\" rel=\"noopener noreferrer\">Hochschule Hamm-Lippstadt<\/a>, an der <a href=\"http:\/\/vhs.muenster.de\/dozent.profil?dozent=8811387\" target=\"_blank\" rel=\"noopener noreferrer\">VHS M\u00fcnster<\/a> und an anderen VHS in der Umgebung wie Ahlen, D\u00fclmen, Paderborn, gerne aber auch nach individueller Vereinbarung.<\/p>\n<p>\u00dcbersetzungen aus dem Norwegischen ins Deutsche bearbeite ich ebenfalls gerne &#8211; entweder als \u00dcbersetzerin oder im <a href=\"https:\/\/www.skriving.de\/wordpress\/aus-dem-lektorat-odinsbarn\/\">\u00dcbersetzungslektorat<\/a>.<\/p>\n<p>Norwegisch habe ich \u00fcbrigens an den Universit\u00e4ten in M\u00fcnster und Hamburg erlernt\u00a0\u2013 und w\u00e4hrend meiner Zeit an der Universit\u00e4t in Oslo sowie am Goethe-Institut in Oslo gefestigt.<\/p>\n<p><a href=\"https:\/\/www.skriving.de\/wordpress\/wp-content\/uploads\/2018\/12\/Norwegen-Sebastian-Frie-e1544351028459.jpg\"><img loading=\"lazy\" decoding=\"async\" class=\"aligncenter wp-image-2240 size-large\" src=\"https:\/\/www.skriving.de\/wordpress\/wp-content\/uploads\/2018\/12\/Norwegen-Sebastian-Frie-1024x680.jpg\" alt=\"Norwegen-Sebastian-Frie\" width=\"1024\" height=\"680\" \/><\/a><\/p>\n","protected":false},"excerpt":{"rendered":"<p>Norwegisch? Norwegisch! skriving steht f\u00fcr die Leidenschaft f\u00fcr Skandinavien, die Kultur und Menschen. Klare Worte, Schn\u00f6rkellosigkeit, Zuverl\u00e4ssigkeit \u2013 gespiegelt in der Arbeitsweise und den Ergebnissen von skriving. Norwegischunterricht und Wochenendseminare geh\u00f6ren seit Jahren zum Portfolio von skriving \u2013 an der Hochschule Hamm-Lippstadt, an der VHS M\u00fcnster und an anderen VHS in der Umgebung wie Ahlen, [&hellip;]<\/p>\n","protected":false},"author":1,"featured_media":0,"parent":0,"menu_order":0,"comment_status":"closed","ping_status":"closed","template":"","meta":{"om_disable_all_campaigns":false,"_monsterinsights_skip_tracking":false,"_monsterinsights_sitenote_active":false,"_monsterinsights_sitenote_note":"","_monsterinsights_sitenote_category":0,"footnotes":""},"class_list":["post-41","page","type-page","status-publish","hentry"],"aioseo_notices":[],"_links":{"self":[{"href":"https:\/\/www.skriving.de\/wordpress\/wp-json\/wp\/v2\/pages\/41","targetHints":{"allow":["GET"]}}],"collection":[{"href":"https:\/\/www.skriving.de\/wordpress\/wp-json\/wp\/v2\/pages"}],"about":[{"href":"https:\/\/www.skriving.de\/wordpress\/wp-json\/wp\/v2\/types\/page"}],"author":[{"embeddable":true,"href":"https:\/\/www.skriving.de\/wordpress\/wp-json\/wp\/v2\/users\/1"}],"replies":[{"embeddable":true,"href":"https:\/\/www.skriving.de\/wordpress\/wp-json\/wp\/v2\/comments?post=41"}],"version-history":[{"count":20,"href":"https:\/\/www.skriving.de\/wordpress\/wp-json\/wp\/v2\/pages\/41\/revisions"}],"predecessor-version":[{"id":3999,"href":"https:\/\/www.skriving.de\/wordpress\/wp-json\/wp\/v2\/pages\/41\/revisions\/3999"}],"wp:attachment":[{"href":"https:\/\/www.skriving.de\/wordpress\/wp-json\/wp\/v2\/media?parent=41"}],"curies":[{"name":"wp","href":"https:\/\/api.w.org\/{rel}","templated":true}]}}