{"id":4032,"date":"2025-05-22T16:04:30","date_gmt":"2025-05-22T14:04:30","guid":{"rendered":"https:\/\/www.skriving.de\/wordpress\/?page_id=4032"},"modified":"2025-06-27T08:37:21","modified_gmt":"2025-06-27T06:37:21","slug":"rueckmeldungen","status":"publish","type":"page","link":"https:\/\/www.skriving.de\/wordpress\/lektorat\/rueckmeldungen\/","title":{"rendered":"R\u00fcckmeldungen"},"content":{"rendered":"<p>&#8230; von einigen Autorinnen und Autoren, mit denen ich im Lektorat zusammenarbeiten durfte:<\/p>\n<blockquote><p>Ich brauche Maike Fries scharfen Blick, er bringt meine Texte voran und deckt meine blinden Flecken auf. Gleichzeitig fragt sie genau an den richtigen Stellen nach und muntert einen mit positiven Anmerkungen auf. Vor allem die textgenaue Gr\u00fcndlichkeit und der begleitende Lektoratskommentar sind von unsch\u00e4tzbarem Wert.<\/p>\n<p>&nbsp;<\/p>\n<p><a href=\"https:\/\/www.literaturfelder.com\/\" target=\"_blank\" rel=\"noopener\"><strong>Alice Gr\u00fcnfelder<\/strong><\/a>, Autorin<\/p><\/blockquote>\n<p>Von ihrem <a title=\"Alice Gr\u00fcnfelder \u00fcbers Schreiben\" href=\"https:\/\/www.skriving.de\/wordpress\/alice-gruenfelder-uebers-schreiben\/\" target=\"_blank\" rel=\"noopener\"><strong>Schreiben in besonderen Zeiten in Taiwan<\/strong> <\/a>hat Alice Gr\u00fcnfelder im Blog erz\u00e4hlt.<\/p>\n<p>\u00dcber ihre <a title=\"Rappend-Reimen: Alice Gr\u00fcnfelder \u00fcber das kreative Schreiben mit Kindern und Jugendlichen\" href=\"https:\/\/www.skriving.de\/wordpress\/alice-gruenfelder-uebers-kreative-schreiben-mit-kindern\/\" target=\"_blank\" rel=\"noopener\"><strong>Schreibwerkst\u00e4tten mit Kindern und Jugendlichen<\/strong> <\/a>hat Alice Gr\u00fcnfelder im Blog berichtet.<\/p>\n<p>&nbsp;<\/p>\n<p><a href=\"https:\/\/www.skriving.de\/wordpress\/wp-content\/uploads\/2025\/06\/Halbgott-alle-Cover-Neo-Helm.jpg\"><img loading=\"lazy\" decoding=\"async\" class=\"size-medium wp-image-4125 alignleft\" src=\"https:\/\/www.skriving.de\/wordpress\/wp-content\/uploads\/2025\/06\/Halbgott-alle-Cover-Neo-Helm-300x300.jpg\" alt=\"alle drei Cover der Halbgott-Reihe von Neo Helm\" width=\"300\" height=\"300\" srcset=\"https:\/\/www.skriving.de\/wordpress\/wp-content\/uploads\/2025\/06\/Halbgott-alle-Cover-Neo-Helm-300x300.jpg 300w, https:\/\/www.skriving.de\/wordpress\/wp-content\/uploads\/2025\/06\/Halbgott-alle-Cover-Neo-Helm.jpg 1024w, https:\/\/www.skriving.de\/wordpress\/wp-content\/uploads\/2025\/06\/Halbgott-alle-Cover-Neo-Helm-150x150.jpg 150w, https:\/\/www.skriving.de\/wordpress\/wp-content\/uploads\/2025\/06\/Halbgott-alle-Cover-Neo-Helm-768x768.jpg 768w\" sizes=\"auto, (max-width: 300px) 100vw, 300px\" \/><\/a><\/p>\n<blockquote><p>Drei B\u00fccher habe ich inzwischen mit Maike Frie auf die Reise geschickt, und jedes Mal war sie nicht nur Lektorin, sondern auch kluge Gespr\u00e4chspartnerin und dramaturgische Sparringspartnerin. Maike ist f\u00fcr mich ein zuverl\u00e4ssiger Kompass in den Welten, die ich mir ausdenke. Ihre Anmerkungen treffen den richtigen Ton: mal klar und analytisch, mal augenzwinkernd und kreativ \u2013 immer hilfreich und ermutigend.<\/p>\n<p>Was ich besonders sch\u00e4tze: Sie liest mein Skript sehr aufmerksam und stellt Fragen, die meine Figuren (und mich) ins Gr\u00fcbeln bringen. Meine Schwachstellen deckt sie konstruktiv auf. Die Kommunikation? Unkompliziert, zugewandt und professionell. Man merkt sofort, dass hier jemand mit Leidenschaft und Verstand lektoriert. Wer eine Lektorin sucht, die nicht nur Rechtschreibung und Formulierungen \u00fcberpr\u00fcft, sondern auch Geschichten in ihren gro\u00dfen Zusammenh\u00e4ngen versteht, ist bei ihr in den besten H\u00e4nden. Herzlichen Dank f\u00fcr alles, Maike!<\/p>\n<p>&nbsp;<\/p>\n<p><a href=\"https:\/\/www.neo-helm.de\/\" target=\"_blank\" rel=\"noopener\"><strong>Neo Helm<\/strong><\/a>, Fantasyautor<\/p><\/blockquote>\n<p>Ein<a title=\"Interview mit Fantasy-Selfpublisher Neo Helm\" href=\"https:\/\/www.skriving.de\/wordpress\/interview-mit-fantasy-selfpublisher-neo-helm\/\"><strong> Interview mit Neo Helm<\/strong> <\/a>\u00fcber sein Schreiben und das Selfpublishing findet ihr im Blog.<\/p>\n<p>&nbsp;<\/p>\n<p><a href=\"https:\/\/www.skriving.de\/wordpress\/wp-content\/uploads\/2025\/05\/Cover-Janne-Birk-Ruf-des-Eises-e1745564129172.jpg\"><img loading=\"lazy\" decoding=\"async\" class=\"size-medium wp-image-3970 alignleft\" src=\"https:\/\/www.skriving.de\/wordpress\/wp-content\/uploads\/2025\/05\/Cover-Janne-Birk-Ruf-des-Eises-188x300.jpg\" alt=\"Cover des Fantasy-Romans Ruf des Eises von Janne Birk\" width=\"188\" height=\"300\" \/><\/a><\/p>\n<blockquote><p>Maike hat mir mit ihrer Mischung aus konstruktiver Kritik und positiver Best\u00e4rkung durchweg das Gef\u00fchl vermittelt, hinter mir und meinem Buchprojekt zu stehen. Wer ein professionelles, einf\u00fchlsames Lektorat auf Augenh\u00f6he sucht, ist bei ihr bestens aufgehoben.<\/p>\n<p>&nbsp;<\/p>\n<p><a href=\"https:\/\/www.janne-birk.de\/\" target=\"_blank\" rel=\"noopener\"><strong>Janne Birk<\/strong><\/a>, Autorin von Fantasyromanen<\/p><\/blockquote>\n<p>Ein <a title=\"Fantasy-Autorin Janne Birk \u00fcber ihr Deb\u00fct\" href=\"https:\/\/www.skriving.de\/wordpress\/fantasy-autorin-janne-birk-ueber-ihr-debuet\/\" target=\"_blank\" rel=\"noopener\"><strong>Interview mit Janne Birk<\/strong><\/a>, \u00fcber ihr Schreiben und das Selfpublishing findet ihr im Blog.<\/p>\n<p>&nbsp;<\/p>\n<p>&nbsp;<\/p>\n<p>&nbsp;<\/p>\n<p>&nbsp;<\/p>\n<p><a href=\"https:\/\/www.skriving.de\/wordpress\/wp-content\/uploads\/2021\/12\/Cover-Julie-Constantin-fantastische-Geschichten-Starfountain-Design.jpg\"><img loading=\"lazy\" decoding=\"async\" class=\"size-medium wp-image-3087 alignleft\" src=\"https:\/\/www.skriving.de\/wordpress\/wp-content\/uploads\/2021\/12\/Cover-Julie-Constantin-fantastische-Geschichten-Starfountain-Design-188x300.jpg\" alt=\"Cover-Julie-Constantin-fantastische-Geschichten-Starfountain-Design\" width=\"188\" height=\"300\" srcset=\"https:\/\/www.skriving.de\/wordpress\/wp-content\/uploads\/2021\/12\/Cover-Julie-Constantin-fantastische-Geschichten-Starfountain-Design-188x300.jpg 188w, https:\/\/www.skriving.de\/wordpress\/wp-content\/uploads\/2021\/12\/Cover-Julie-Constantin-fantastische-Geschichten-Starfountain-Design-640x1024.jpg 640w, https:\/\/www.skriving.de\/wordpress\/wp-content\/uploads\/2021\/12\/Cover-Julie-Constantin-fantastische-Geschichten-Starfountain-Design-768x1229.jpg 768w, https:\/\/www.skriving.de\/wordpress\/wp-content\/uploads\/2021\/12\/Cover-Julie-Constantin-fantastische-Geschichten-Starfountain-Design-960x1536.jpg 960w, https:\/\/www.skriving.de\/wordpress\/wp-content\/uploads\/2021\/12\/Cover-Julie-Constantin-fantastische-Geschichten-Starfountain-Design-1280x2048.jpg 1280w, https:\/\/www.skriving.de\/wordpress\/wp-content\/uploads\/2021\/12\/Cover-Julie-Constantin-fantastische-Geschichten-Starfountain-Design.jpg 1024w\" sizes=\"auto, (max-width: 188px) 100vw, 188px\" \/><\/a><\/p>\n<blockquote><p>Kennengelernt habe ich Maike bei einem Wochenend-Workshop zum Thema Kurzgeschichten am Nordkolleg in Rendsburg, den sie dort gehalten hat. Da ich von ihrem Workshop schon so begeistert war, habe ich das Lektorat f\u00fcr meine Fantasy-Anthologie \u201aDas mysteri\u00f6se Sammelsurium\u2018 auch von ihr durchf\u00fchren lassen. Die Zusammenarbeit mit Maike hat mich als Autorin weitergebracht und ihre konstruktiven Anmerkungen und kreativen \u00c4nderungsvorschl\u00e4ge (z. B. zu Logikl\u00f6chern, Handlungsabl\u00e4ufen oder schriftstellerischem Ausdruck) haben meine Texte qualitativ in jeder Hinsicht besser gemacht. Ich kann ein Lektorat von Maike AutorInnen wirklich ans Herz legen (und ihre Workshops \u00fcbrigens auch). Die Manuskripte sind bei ihr in besten H\u00e4nden.<\/p>\n<p>&nbsp;<\/p>\n<p><a href=\"https:\/\/www.instagram.com\/julie_constantin\/\" target=\"_blank\" rel=\"noopener\"><strong>Julie Constantin<\/strong><\/a><\/p><\/blockquote>\n<p>Ein <a title=\"Phantastik-Autorin Julie Constantin \u00fcber ihr Mysteri\u00f6ses Sammelsurium\" href=\"https:\/\/www.skriving.de\/wordpress\/phantastik-autorin-julie-constantin-mysterioeses-sammelsurium\/\" target=\"_blank\" rel=\"noopener\"><strong>Interview mit Julie Constantin<\/strong><\/a>, \u00fcber ihr Schreiben und das Selfpublishing findet ihr im Blog.<\/p>\n<p>&nbsp;<\/p>\n<p>&nbsp;<\/p>\n<p><a href=\"https:\/\/www.skriving.de\/wordpress\/wp-content\/uploads\/2025\/05\/Cover-Sigrid-Varduhn-Der-Engel-ist-weg-Kleine-Weihnachtswunder.jpg\"><img loading=\"lazy\" decoding=\"async\" class=\"size-medium wp-image-4037 alignleft\" src=\"https:\/\/www.skriving.de\/wordpress\/wp-content\/uploads\/2025\/05\/Cover-Sigrid-Varduhn-Der-Engel-ist-weg-Kleine-Weihnachtswunder-192x300.jpg\" alt=\"Cover Sigrid Varduhn Der Engel ist weg Kleine Weihnachtswunder\" width=\"192\" height=\"300\" srcset=\"https:\/\/www.skriving.de\/wordpress\/wp-content\/uploads\/2025\/05\/Cover-Sigrid-Varduhn-Der-Engel-ist-weg-Kleine-Weihnachtswunder-192x300.jpg 192w, https:\/\/www.skriving.de\/wordpress\/wp-content\/uploads\/2025\/05\/Cover-Sigrid-Varduhn-Der-Engel-ist-weg-Kleine-Weihnachtswunder.jpg 382w\" sizes=\"auto, (max-width: 192px) 100vw, 192px\" \/><\/a><\/p>\n<blockquote><p>Ich hatte bei Maike von vornherein ein gutes Gef\u00fchl. Nach dem Probelektorat war dann v\u00f6llig klar: Sie ist die Richtige f\u00fcr mich und mein Buch. Ihre Hinweise sind klar, \u00fcberzeugend und hilfreich. Und alles, was sie mir empfohlen hat, passte genau zu meinem Buch und mir.<\/p>\n<p>&nbsp;<\/p>\n<p><a href=\"https:\/\/sigridvarduhn.de\/\" target=\"_blank\" rel=\"noopener\"><strong>Sigrid Varduhn<\/strong><\/a>, Autorin, Schreibcoachin und Erz\u00e4hlerin<\/p><\/blockquote>\n<p>&nbsp;<\/p>\n<p>&nbsp;<\/p>\n<p>&nbsp;<\/p>\n<p>&nbsp;<\/p>\n<p>&nbsp;<\/p>\n<blockquote><p>Bei einem Schreibworkshop von Maike lernte ich ihren professionell-freundlichen Umgang mit den Texten anderer sch\u00e4tzen und wandte mich daher mit der Bitte um Lektorierung meines ersten Roman-Manuskripts an sie. Das Ergebnis war eine Exklusiv-Fortbildung, von der ich auch nach vier Jahren noch profitiere!<\/p>\n<p><a href=\"http:\/\/ute-scharmann.de\/\" target=\"_blank\" rel=\"noopener\">Ute Scharmann<\/a><\/p><\/blockquote>\n<p>&nbsp;<\/p>\n<blockquote><p>Die Arbeit mit Maike Frie war prima. Sie hat Kurzgeschichten von mir lektoriert und dabei St\u00e4rken anerkannt, Schw\u00e4chen aufgedeckt und f\u00fcr diese L\u00f6sungsans\u00e4tze angeboten oder Formulierungsvorschl\u00e4ge geschrieben. Die Texte haben dadurch gewonnen. Frau Frie hat mich nebenher noch unterst\u00fctzt, mit Verlagen Kontakt aufzunehmen, geeignete Texte auszuw\u00e4hlen und ein Expos\u00e9 zu fertigen. Ihre Arbeit war sowohl kreativ als auch gr\u00fcndlich. Die Absprachen waren klar und unkompliziert. Meine Nachfragen per Telefon oder E-Mail hat sie immer freundlich und hilfreich beantwortet.<\/p>\n<p>&nbsp;<\/p>\n<p>Peter Vogelgesang: <a href=\"https:\/\/karengrol.de\/stories-friends\" target=\"_blank\" rel=\"noopener\">liebesPaar bei STORIES &amp; FRIENDS<\/a><\/p><\/blockquote>\n","protected":false},"excerpt":{"rendered":"<p>&#8230; von einigen Autorinnen und Autoren, mit denen ich im Lektorat zusammenarbeiten durfte: Ich brauche Maike Fries scharfen Blick, er bringt meine Texte voran und deckt meine blinden Flecken auf. Gleichzeitig fragt sie genau an den richtigen Stellen nach und muntert einen mit positiven Anmerkungen auf. Vor allem die textgenaue Gr\u00fcndlichkeit und der begleitende Lektoratskommentar [&hellip;]<\/p>\n","protected":false},"author":1,"featured_media":0,"parent":11,"menu_order":2,"comment_status":"open","ping_status":"open","template":"","meta":{"om_disable_all_campaigns":false,"_monsterinsights_skip_tracking":false,"_monsterinsights_sitenote_active":false,"_monsterinsights_sitenote_note":"","_monsterinsights_sitenote_category":0,"footnotes":""},"class_list":["post-4032","page","type-page","status-publish","hentry"],"aioseo_notices":[],"_links":{"self":[{"href":"https:\/\/www.skriving.de\/wordpress\/wp-json\/wp\/v2\/pages\/4032","targetHints":{"allow":["GET"]}}],"collection":[{"href":"https:\/\/www.skriving.de\/wordpress\/wp-json\/wp\/v2\/pages"}],"about":[{"href":"https:\/\/www.skriving.de\/wordpress\/wp-json\/wp\/v2\/types\/page"}],"author":[{"embeddable":true,"href":"https:\/\/www.skriving.de\/wordpress\/wp-json\/wp\/v2\/users\/1"}],"replies":[{"embeddable":true,"href":"https:\/\/www.skriving.de\/wordpress\/wp-json\/wp\/v2\/comments?post=4032"}],"version-history":[{"count":16,"href":"https:\/\/www.skriving.de\/wordpress\/wp-json\/wp\/v2\/pages\/4032\/revisions"}],"predecessor-version":[{"id":4136,"href":"https:\/\/www.skriving.de\/wordpress\/wp-json\/wp\/v2\/pages\/4032\/revisions\/4136"}],"up":[{"embeddable":true,"href":"https:\/\/www.skriving.de\/wordpress\/wp-json\/wp\/v2\/pages\/11"}],"wp:attachment":[{"href":"https:\/\/www.skriving.de\/wordpress\/wp-json\/wp\/v2\/media?parent=4032"}],"curies":[{"name":"wp","href":"https:\/\/api.w.org\/{rel}","templated":true}]}}