{"id":3996,"date":"2025-04-28T09:54:56","date_gmt":"2025-04-28T07:54:56","guid":{"rendered":"https:\/\/www.skriving.de\/wordpress\/?page_id=3996"},"modified":"2025-05-22T16:00:01","modified_gmt":"2025-05-22T14:00:01","slug":"veroeffentlichungen-2","status":"publish","type":"page","link":"https:\/\/www.skriving.de\/wordpress\/veroeffentlichungen-2\/","title":{"rendered":"Ver\u00f6ffentlichungen"},"content":{"rendered":"<h2>Literarische Ver\u00f6ffentlichungen der letzten Jahre &#8211;<\/h2>\n<h3>Kurzgeschichten in Anthologien und Literaturzeitschriften<\/h3>\n<ul>\n<li>2025: &#8220;Der Ring&#8221; in<a href=\"https:\/\/www.prosaistinnen.de\/magazin.html\" target=\"_blank\" rel=\"noopener\"><strong> introspektiv (#7)<\/strong><\/a>, Magazin der Prosa:ist:innen<\/li>\n<li>2025: &#8220;Neuland&#8221; in <a href=\"https:\/\/www.elsinor.de\/buch-angenent-westfalen\/\" target=\"_blank\" rel=\"noopener\"><strong>&#8220;Mehr als Kirche, Kohle, Kiepenkerl &#8211; 1250 Jahre Westfalen neu erz\u00e4hlt&#8221;<\/strong><\/a><\/li>\n<li>2025: &#8220;111&#8221; in <a href=\"https:\/\/literaturraumdortmundruhr.de\/projekte\/das-wunschkabinett-ein-x-fuer-demokratie\/\" target=\"_blank\" rel=\"noopener\"><strong>&#8220;Das Wunschkabinett. Ein X f\u00fcr Demokratie&#8221;<\/strong><\/a> vom LiteraturRaumDortmundRuhr<\/li>\n<li>2025: &#8220;Essenz&#8221; in <a href=\"http:\/\/rumpelstilzchen-literaturprojekt.de\/aktuelles\/\" target=\"_blank\" rel=\"noopener\"><strong>&#8220;Zeitgrenzen aufbrechen&#8221;<\/strong><\/a> im Rahmen des Aufbr\u00fcche-Festivals. Autorinnen und Autoren setzen sich mit alten westf\u00e4lischen Texten auseinander.<\/li>\n<li>2025: 3 Aphorismen bei <a href=\"https:\/\/www.dapha.de\/aktivitaeten\/wettbewerbe\/\" target=\"_blank\" rel=\"noopener\"><strong>&#8220;Aufbr\u00fcche &#8211; Umbr\u00fcche&#8221;<\/strong> <\/a>von &#8220;Deutsches Aphorismus-Archiv Hattingen e. V.&#8221;<\/li>\n<li>2024: <a href=\"http:\/\/nordhessischer-autorenpreis.de\/kettenreaktion.html\" target=\"_blank\" rel=\"noopener\"><strong>Kettenschreibprojekt vom Nordhessischen Autorenpreis e. V.<\/strong><\/a> (1\/19)<\/li>\n<li>2024: H\u00f6rSpielLab Mini-H\u00f6rspiel &#8220;Das anonyme Bestattungsfeld&#8221; zum Thema <a href=\"https:\/\/hoerspiellab.de\/unerhoerte-orte-erhoert-14-orte-als-mini-hoerspiel-entdecken\/\" target=\"_blank\" rel=\"noopener\"><strong>&#8220;Unerh\u00f6rte Orte&#8221;<\/strong><\/a><\/li>\n<li>2024: &#8220;Krieg ist mein Gesch\u00e4ft&#8221; in der Literaturzeitschrift <a href=\"https:\/\/dichtungsring.org\/2024\/12\/30\/bonner-literaturpreis-2025\/\" target=\"_blank\" rel=\"noopener\"><strong>&#8220;Dichtungsring&#8221;<\/strong> <\/a>zum Thema Meer<\/li>\n<li>2024: &#8220;Unsterblich verliebt&#8221; in <a href=\"https:\/\/sentimentaleeiche.wixsite.com\/website\" target=\"_blank\" rel=\"noopener\"><strong>&#8220;Die sentimentale Eiche&#8221;<\/strong> <\/a>Ausgabe 8 zum Thema Liebe<\/li>\n<li>2024: &#8220;Zielvorstellung&#8221; als Miniatur in der Ausgabe 12 der<a href=\"https:\/\/amrun-verlag.de\/produkt\/queerwelten-12-2024\/\" target=\"_blank\" rel=\"noopener\"><strong> &#8220;Queer*Welten&#8221;<\/strong><\/a><\/li>\n<li>2024: Kooperation der Technischen Schulen Steinfurt mit dem VS M\u00fcnsterland: Ver\u00f6ffentlichung des literarischen Austausches mit Sch\u00fclerinnen<\/li>\n<li>2023: &#8220;Kohlenkaffee&#8221; in der Anthologie <a href=\"https:\/\/www.elsinor.de\/buch-angenent-vom-frieden\/\" target=\"_blank\" rel=\"noopener\"><strong>&#8220;Vom Frieden&#8221;<\/strong><\/a> zum Jubil\u00e4um des Westf\u00e4lischen Friedens<\/li>\n<li>2023: &#8220;Der Aschenbecher&#8221; in <a href=\"https:\/\/www.am-erker.de\/85.php\" target=\"_blank\" rel=\"noopener\"><strong>&#8220;Am Erker&#8221;<\/strong><\/a> (85) zum Thema &#8220;Anekdoten aus aller Welt&#8221;<\/li>\n<li>2023: &#8220;Spindeltage&#8221; in der Anthologie &#8220;Regenbogenm\u00e4rchen&#8221; bei <a href=\"https:\/\/elysion-verlag.de\/produkt\/regenbogenmaerchen\/\" target=\"_blank\" rel=\"noopener\"><strong>Elysion<\/strong><\/a><\/li>\n<li>2022: &#8220;Der Hoffnung&#8221; in Ausgabe 4 von <a href=\"https:\/\/sentimentaleeiche.wixsite.com\/website\" target=\"_blank\" rel=\"noopener\"><strong>&#8220;Die sentimentale Eiche&#8221;<\/strong><\/a><\/li>\n<li>2022: &#8220;Spuren im Eis&#8221; in der Anthologie <a href=\"https:\/\/buchshop.bod.de\/zeitwellen-annette-kipnowski-9783756814749\" target=\"_blank\" rel=\"noopener\"><strong>&#8220;Zeitwellen&#8221;<\/strong><\/a> &#8211; Autor*innen schreiben zu Bildern<\/li>\n<li>2021: &#8220;In vino Vera&#8221; &#8211; Kurzkrimi in der Anthologie<a href=\"https:\/\/textgemeinschaft.de\/2021\/09\/vino-della-morte-das-sind-die\" target=\"_blank\" rel=\"noopener\"><strong> &#8220;Vino della Morte&#8221;<\/strong><\/a> der Textgemeinschaft<\/li>\n<li>2021: &#8220;Das bl\u00fchende Leben&#8221; in <a href=\"https:\/\/www.amazon.de\/Open-bottle-Die-Flasche-Pandora\/dp\/3000700560\" target=\"_blank\" rel=\"noopener\"><strong>&#8220;Open the bottle &#8211; Die Flasche der Pandora&#8221;<\/strong> <\/a><\/li>\n<li>2021: &#8220;Seelenheil&#8221; auf der Internet-Longlist beim <a href=\"https:\/\/magicfuturemoney.de\/geschichten\/seelenheil\/\" target=\"_blank\" rel=\"noopener\"><strong>Future-Money-Wettbewerb<\/strong><\/a><\/li>\n<li>2017: &#8220;Der Karton&#8221; wird Text des Monats Februar beim <a href=\"https:\/\/literaturhaus.ch\/schreibwettbwerb-t\/der-karton-von-maike-frie\/\" target=\"_blank\" rel=\"noopener\"><strong>Schreibwettbewerb des Literaturhauses Z\u00fcrich<\/strong><\/a><\/li>\n<li>2017: &#8220;Die Bank&#8221; und &#8220;Herzkino&#8221; in <a href=\"https:\/\/www.dortmunder-buch.de\/anleser\/schoen_hier.html\" target=\"_blank\" rel=\"noopener\"><strong>&#8220;Sch\u00f6n hier! Lieblingspl\u00e4tze &amp; Herzensorte in Westfalen&#8221;<\/strong><\/a><\/li>\n<li>2017: &#8220;Verantwortung&#8221; bei M\u00fcnchner Kurzgeschichtenwettbewerb<a href=\"https:\/\/www.zuendeln.de\/munchner-kurzgeschichtenwettbewerb-2017-thema-frontbericht\/\" target=\"_blank\" rel=\"noopener\"><strong> &#8220;Frontbericht&#8221;<\/strong><\/a><\/li>\n<li>2017: &#8220;Mein, sein, nicht unser&#8221;, &#8220;Anblickssache&#8221; und &#8220;Tjark findet was&#8221; in <a href=\"https:\/\/guenther-emig.de\/index.php\/hammer-und-veilchen\" target=\"_blank\" rel=\"noopener\"><strong>Hammer+Veilchen<\/strong><\/a><\/li>\n<li>2017: &#8220;Ina&#8221; in <a href=\"https:\/\/www.storyapp.de\/#home-alt\" target=\"_blank\" rel=\"noopener\"><strong>Story-App<\/strong> <\/a>nach M\u00fcnchner Kurzgeschichtenwettbewerb &#8220;1001 Nacht&#8221;<\/li>\n<li>2016: \u201eMarsch der Entflohenen\u201c im Postkartenmagazin <a href=\"http:\/\/syrinx-magazine.tumblr.com\/issuetheme\" target=\"_blank\" rel=\"noopener\"><strong>syrinx<\/strong><\/a><\/li>\n<li>2016: \u201eAlles grau macht der Mai\u201c in der Literaturzeitschrift <a href=\"https:\/\/entwuerfe.ch\/\" target=\"_blank\" rel=\"noopener\"><strong>entw\u00fcrfe<\/strong><\/a><\/li>\n<li>2016: \u201eOles Geheimversteck\u201c in der Rucksack-Edition der Literaturzeitschrift <a href=\"https:\/\/de.everybodywiki.com\/Asphaltspuren\" target=\"_blank\" rel=\"noopener\"><strong>asphaltspuren<\/strong><\/a><\/li>\n<li>2016: &#8220;Zum Fangen braucht man keine Beine\u201c auf der Internetseite vom <a href=\"http:\/\/buecherstadtkurier.com\/zum-fangen-braucht-man-keine-beine\/\" target=\"_blank\" rel=\"noopener\"><strong>B\u00fccherstadtkurier<\/strong><\/a><\/li>\n<li>2015: &#8220;Perlen vor die Tiger&#8221; in der \u00f6sterreichischen Literaturzeitschrift <a href=\"http:\/\/www.litges.at\/litges3\/index.php?option=com_content&amp;view=article&amp;id=2762:unentwegt-etcetera-60-mai-2015&amp;catid=3:aktuelle-ausgabe&amp;Itemid=5\" target=\"_blank\" rel=\"noopener\"><strong>etcetera<\/strong><\/a><\/li>\n<li>2015: &#8220;Gott schweigt&#8221; in der <strong><a href=\"http:\/\/www.amazon.de\/niemand-glaubt-mich-Anthologie-Literaturherbst\/dp\/3866854803\/ref=sr_1_1?ie=UTF8&amp;qid=1454068590&amp;sr=8-1&amp;keywords=und+niemand+glaubt+an+mich\" target=\"_blank\" rel=\"noopener\">Anthologie <\/a>zu den F\u00fcnften Berner B\u00fccherwochen <\/strong>zum Thema &#8220;Untertan &#8211; Texte zur Zeit&#8221;<\/li>\n<li>2014: &#8220;Panzerknacker&#8221; in <a href=\"https:\/\/geest-verlag.de\/buecher\/und-niemand-glaubt-mich-anthologie-zum-5-br%C3%BCggener-literaturherbst-hrsg-von-ellen-roemer\" target=\"_blank\" rel=\"noopener\"><strong>&#8220;Und niemand glaubt an mich&#8221;<\/strong><\/a> im Geest-Verlag (5. Br\u00fcggener Literaturherbst)<\/li>\n<li>2014: &#8220;jungvertraut&#8221; zum Thema &#8220;Augenblick&#8221; der Literaturzeitschrift <a href=\"https:\/\/de.everybodywiki.com\/Asphaltspuren\" target=\"_blank\" rel=\"noopener\"><strong>asphaltspuren<\/strong><\/a><\/li>\n<li>2013: &#8220;Kopfsache&#8221; in der Anthologie <a href=\"https:\/\/art-and-words.de\/index.php\/buecher\/134-schreibaffaeren\" target=\"_blank\" rel=\"noopener\"><strong>Schreibaff\u00e4ren <\/strong><\/a>zum N\u00fcrnberger Autorentreffen<\/li>\n<li>2013: &#8220;Elenor&#8221; in der Literaturzeitschrift <a href=\"https:\/\/de.wikipedia.org\/wiki\/Driesch_(Zeitschrift)\" target=\"_blank\" rel=\"noopener\"><strong>driesch<\/strong><\/a> zum Thema Frost<\/li>\n<li>2013: &#8220;Kick&#8221; in der Anthologie <a href=\"https:\/\/literaturwettbewerb.hamburg\/veroeffentlichungen-referenzen\/\" target=\"_blank\" rel=\"noopener\"><strong>Rollen-Spiele&#8221;<\/strong><\/a> vom Hamburger Lions-Club Moorweide<\/li>\n<li>2012: &#8220;Zyrklus&#8221; in der Anthologie <a href=\"https:\/\/www.amazon.de\/Das-Meer-vielleicht-Andr%C3%A9-Hille\/dp\/3942247054\/ref=sr_1_1?__mk_de_DE=%C3%85M%C3%85%C5%BD%C3%95%C3%91&amp;crid=KCPAKZOYE2OT&amp;dib=eyJ2IjoiMSJ9.1w56FO2k7Fxt_q_e8MdCJQ.9VfYQpnMsaYxxY7UVZmaha_NujlG8TmgLqe2KVUvlrI&amp;dib_tag=se&amp;keywords=das+meer+vielleicht+textmanufaktur&amp;qid=1745831450&amp;sprefix=das+meer+vielleicht+textmanufaktur%2Caps%2C79&amp;sr=8-1\" target=\"_blank\" rel=\"noopener\"><strong>&#8220;Das Meer vielleicht&#8221;<\/strong> <\/a>der TextManufaktur<\/li>\n<li>2012: &#8220;Himmel, morgen&#8221; in der Literaturzeitschrift <a href=\"https:\/\/de.wikipedia.org\/wiki\/Sterz_(Zeitschrift)\" target=\"_blank\" rel=\"noopener\"><strong>Sterz<\/strong> <\/a>zum Thema Krise<\/li>\n<li>2012: &#8220;leckt mich&#8221; in der Literaturzeitschrift <a href=\"https:\/\/radieschen.at\/ausgaben\/\" target=\"_blank\" rel=\"noopener\"><strong>&amp;radieschen<\/strong> <\/a>zum Thema &#8220;Kunterbunt und Untergrund&#8221;<\/li>\n<li>2012: &#8220;Jelena&#8221; in der Anthologie <a href=\"https:\/\/geest-verlag.de\/news\/der-l%C3%A4rm-verstummt-%E2%80%A6-bis-stille-ist-dir-die-anthologie-zum-4-br%C3%BCggener-literaturherbst\" target=\"_blank\" rel=\"noopener\"><strong>&#8220;Der L\u00e4rm verstummt bis Stille ist in dir&#8221;<\/strong><\/a> vom Geest-Verlag zum 4. Br\u00fcggener Literaturherbst<\/li>\n<li>2012: &#8220;Nagelprobe&#8221; in der Literaturzeitschrift <a href=\"https:\/\/www.am-erker.de\/64.php\" target=\"_blank\" rel=\"noopener\"><strong>&#8220;Am Erker&#8221;<\/strong> <\/a>zum Thema &#8220;Verrat und Intrige&#8221; (64)<\/li>\n<li>2011: Textbox im <a href=\"http:\/\/literaturautomat.eu\/\" target=\"_blank\" rel=\"noopener\"><strong>Zack Literaturautomat<\/strong><\/a> zum Thema Valentinstag<\/li>\n<li>2009: &#8220;Aufblick&#8221;, &#8220;Rundblick&#8221; und &#8220;Einblick&#8221; in der Anthologie<a href=\"https:\/\/www.amazon.de\/Neuy-Start-Texte-Werken-Heinrich\/dp\/3939172634\" target=\"_blank\" rel=\"noopener\"><strong> &#8220;Neuy-Start: Texte zu Werken von Heinrich Neuy&#8221;<\/strong><\/a><\/li>\n<li>2008: &#8220;Stille&#8221; zum Thema &#8220;Fl\u00fcgel&#8221; in der Literaturzeitschrift <a href=\"http:\/\/macondo-magazin.de\/magazin\/index.html\" target=\"_blank\" rel=\"noopener\"><strong>Macondo<\/strong><\/a><\/li>\n<\/ul>\n<h3>Preise und Auszeichnungen<\/h3>\n<ul>\n<li>2025: Platzierung zwischen 11 und 20 beim Aphorismus-Wettbewerb <a href=\"https:\/\/www.dapha.de\/aktivitaeten\/wettbewerbe\/\" target=\"_blank\" rel=\"noopener\"><strong>&#8220;Aufbr\u00fcche &#8211; Umbr\u00fcche&#8221;<\/strong> <\/a>von &#8220;Deutsches Aphorismus-Archiv Hattingen e.V.&#8221;<\/li>\n<li>2024: <a href=\"https:\/\/putlitzerpreis.de\/die-shortlist-2024-steht-fest\/\" target=\"_blank\" rel=\"noopener\"><strong>Shortlist beim Putlitzer Preis<\/strong><\/a> mit &#8220;Aye aye K\u00e4ptn&#8221; zum Thema &#8220;Woran hat&#8217;s gelegen?&#8221;<\/li>\n<li>2021: Longlist beim <a href=\"https:\/\/magicfuturemoney.de\/geschichten\/seelenheil\/\" target=\"_blank\" rel=\"noopener\"><strong>Future-Money-Wettbewerb<\/strong><\/a> mit &#8220;Seelenheil&#8221;<\/li>\n<li>2017: &#8220;Der Karton&#8221; wird Text des Monats Februar beim <a href=\"https:\/\/literaturhaus.ch\/schreibwettbwerb-t\/der-karton-von-maike-frie\/\" target=\"_blank\" rel=\"noopener\"><strong>Schreibwettbewerb des Literaturhauses Z\u00fcrich<\/strong><\/a><\/li>\n<li>2017: &#8220;Ina&#8221; auf der Longlist beim <a href=\"https:\/\/www.zuendeln.de\/18-munchner-kurzgeschichtenwettbewerb-geschichten-aus-1001-nacht\/\" target=\"_blank\" rel=\"noopener\"><strong>M\u00fcnchner Kurzgeschichtenwettbewerb<\/strong><\/a> (damals M\u00fcnchner Men\u00fcwettbewerb) &#8220;1001 Nacht&#8221;<\/li>\n<li>2013: &#8220;geregelt&#8221; Longlist beim<a href=\"https:\/\/www.evangelisch.de\/themen\/evangelischer-literaturpreis\" target=\"_blank\" rel=\"noopener\"><strong> Evangelischen Literaturpreis<\/strong> <\/a>(heute Evangelischer Buchpreis f\u00fcr ver\u00f6ffentlichte B\u00fccher) zum Thema &#8220;soviel du brauchst&#8221;<\/li>\n<li>2012: &#8220;Zyrklus&#8221; in der Anthologie <a href=\"https:\/\/www.amazon.de\/Das-Meer-vielleicht-Andr%C3%A9-Hille\/dp\/3942247054\/ref=sr_1_1?__mk_de_DE=%C3%85M%C3%85%C5%BD%C3%95%C3%91&amp;crid=KCPAKZOYE2OT&amp;dib=eyJ2IjoiMSJ9.1w56FO2k7Fxt_q_e8MdCJQ.9VfYQpnMsaYxxY7UVZmaha_NujlG8TmgLqe2KVUvlrI&amp;dib_tag=se&amp;keywords=das+meer+vielleicht+textmanufaktur&amp;qid=1745831450&amp;sprefix=das+meer+vielleicht+textmanufaktur%2Caps%2C79&amp;sr=8-1\" target=\"_blank\" rel=\"noopener\"><strong>&#8220;Das Meer vielleicht&#8221;<\/strong> <\/a>der TextManufaktur &#8211; Jahresauswahl<\/li>\n<li>2013: &#8220;Jagdgl\u00fcck&#8221; &#8211; Vertonung bei &#8220;Shortcuts &#8211; Westf\u00e4lischer H\u00f6rspielaward&#8221;<\/li>\n<li>2012: &#8220;Schneckenstoff&#8221; gewinnt einen 2. Preis beim Literaturwettbewerb der Uni M\u00fcnster mit der Literaturzeitschrift <a href=\"https:\/\/am-erker.de\/preis10.php\" target=\"_blank\" rel=\"noopener\"><strong>&#8220;Am Erker&#8221; zum Thema &#8220;Neue W\u00e4nde&#8221;<\/strong><\/a><\/li>\n<li>2007: &#8220;Nagelprobe&#8221; gewinnt einen 3. Preis beim <a href=\"https:\/\/am-erker.de\/preis07.php\" target=\"_blank\" rel=\"noopener\"><strong>Literaturwettbewerb der Uni M\u00fcnster<\/strong> <\/a>mit der Literaturzeitschrift &#8220;Am Erker&#8221; zum Thema Miete<\/li>\n<\/ul>\n<h3><\/h3>\n<h3>Mehr zu den Ver\u00f6ffentlichungen in Blogbeitr\u00e4gen<\/h3>\n<ul>\n<li><a title=\"R\u00fcckblick: Literarische Ver\u00f6ffentlichungen 2024\" href=\"https:\/\/www.skriving.de\/wordpress\/rueckblick-literarische-veroeffentlichungen-2024\/\" target=\"_blank\" rel=\"noopener\">R\u00fcckblick Literarische Ver\u00f6ffentlichungen 2024<\/a><\/li>\n<li><a title=\"R\u00fcckblick \u2013 Lektorate 2024\" href=\"https:\/\/www.skriving.de\/wordpress\/rueckblick-lektorate-2024\/\" target=\"_blank\" rel=\"noopener\">R\u00fcckblick Lektorate 2024<\/a><\/li>\n<li><a title=\"R\u00fcckblick: Literarische Ver\u00f6ffentlichungen 2023\" href=\"https:\/\/www.skriving.de\/wordpress\/literarische-veroeffentlichungen-2023\/\">R\u00fcckblick Literarische Ver\u00f6ffentlichungen 2023<\/a><\/li>\n<li><a title=\"R\u00fcckblick \u2013 Lektorate 2023\" href=\"https:\/\/www.skriving.de\/wordpress\/rueckblick-lektorate-2023\/\" target=\"_blank\" rel=\"noopener\">R\u00fcckblick Lektorate 2023<\/a><\/li>\n<li><a title=\"R\u00fcckblick Literarische Ver\u00f6ffentlichungen 2022\" href=\"https:\/\/www.skriving.de\/wordpress\/rueckblick-literarische-veroeffentlichungen-2022\/\">R\u00fcckblick Literarische Ver\u00f6ffentlichungen 2022<\/a><\/li>\n<li><a title=\"R\u00fcckblick \u2013 Lektorate 2022\" href=\"https:\/\/www.skriving.de\/wordpress\/rueckblick-lektorate-2022\/\" target=\"_blank\" rel=\"noopener\">R\u00fcckblick Lektorate 2022<\/a><\/li>\n<li><a title=\"R\u00fcckblick 2021 \u2013 Kurzgeschichten\" href=\"https:\/\/www.skriving.de\/wordpress\/rueckblick-2021-kurzgeschichten\/\" target=\"_blank\" rel=\"noopener\">R\u00fcckblick Literarische Ver\u00f6ffentlichungen 2021<\/a><\/li>\n<li><a title=\"R\u00fcckblick 2021 \u2013 Lektorate\" href=\"https:\/\/www.skriving.de\/wordpress\/rueckblick-2021-lektorate\/\" target=\"_blank\" rel=\"noopener\">R\u00fcckblick Lektorate 2021<\/a><\/li>\n<\/ul>\n<p>&nbsp;<\/p>\n","protected":false},"excerpt":{"rendered":"<p>Literarische Ver\u00f6ffentlichungen der letzten Jahre &#8211; Kurzgeschichten in Anthologien und Literaturzeitschriften 2025: &#8220;Der Ring&#8221; in introspektiv (#7), Magazin der Prosa:ist:innen 2025: &#8220;Neuland&#8221; in &#8220;Mehr als Kirche, Kohle, Kiepenkerl &#8211; 1250 Jahre Westfalen neu erz\u00e4hlt&#8221; 2025: &#8220;111&#8221; in &#8220;Das Wunschkabinett. Ein X f\u00fcr Demokratie&#8221; vom LiteraturRaumDortmundRuhr 2025: &#8220;Essenz&#8221; in &#8220;Zeitgrenzen aufbrechen&#8221; im Rahmen des Aufbr\u00fcche-Festivals. Autorinnen [&hellip;]<\/p>\n","protected":false},"author":1,"featured_media":0,"parent":0,"menu_order":0,"comment_status":"open","ping_status":"open","template":"","meta":{"om_disable_all_campaigns":false,"_monsterinsights_skip_tracking":false,"_monsterinsights_sitenote_active":false,"_monsterinsights_sitenote_note":"","_monsterinsights_sitenote_category":0,"footnotes":""},"class_list":["post-3996","page","type-page","status-publish","hentry"],"aioseo_notices":[],"_links":{"self":[{"href":"https:\/\/www.skriving.de\/wordpress\/wp-json\/wp\/v2\/pages\/3996","targetHints":{"allow":["GET"]}}],"collection":[{"href":"https:\/\/www.skriving.de\/wordpress\/wp-json\/wp\/v2\/pages"}],"about":[{"href":"https:\/\/www.skriving.de\/wordpress\/wp-json\/wp\/v2\/types\/page"}],"author":[{"embeddable":true,"href":"https:\/\/www.skriving.de\/wordpress\/wp-json\/wp\/v2\/users\/1"}],"replies":[{"embeddable":true,"href":"https:\/\/www.skriving.de\/wordpress\/wp-json\/wp\/v2\/comments?post=3996"}],"version-history":[{"count":8,"href":"https:\/\/www.skriving.de\/wordpress\/wp-json\/wp\/v2\/pages\/3996\/revisions"}],"predecessor-version":[{"id":4028,"href":"https:\/\/www.skriving.de\/wordpress\/wp-json\/wp\/v2\/pages\/3996\/revisions\/4028"}],"wp:attachment":[{"href":"https:\/\/www.skriving.de\/wordpress\/wp-json\/wp\/v2\/media?parent=3996"}],"curies":[{"name":"wp","href":"https:\/\/api.w.org\/{rel}","templated":true}]}}