{"id":3862,"date":"2024-10-01T17:27:43","date_gmt":"2024-10-01T15:27:43","guid":{"rendered":"https:\/\/www.skriving.de\/wordpress\/?page_id=3862"},"modified":"2025-12-16T15:04:07","modified_gmt":"2025-12-16T14:04:07","slug":"postkartenkrimis","status":"publish","type":"page","link":"https:\/\/www.skriving.de\/wordpress\/schreibwerkstatt\/postkartenkrimis\/","title":{"rendered":"Postkartenkrimis"},"content":{"rendered":"<h2><a href=\"https:\/\/www.skriving.de\/wordpress\/wp-content\/uploads\/2025\/10\/Postkartenkrimis-Maike-Frie-scaled.jpg\"><img loading=\"lazy\" decoding=\"async\" class=\"size-medium wp-image-4185 alignleft\" src=\"https:\/\/www.skriving.de\/wordpress\/wp-content\/uploads\/2025\/10\/Postkartenkrimis-Maike-Frie-300x244.jpg\" alt=\"Sammlung von Postkartenkrimis von Maike Frie\" width=\"300\" height=\"244\" srcset=\"https:\/\/www.skriving.de\/wordpress\/wp-content\/uploads\/2025\/10\/Postkartenkrimis-Maike-Frie-300x244.jpg 300w, https:\/\/www.skriving.de\/wordpress\/wp-content\/uploads\/2025\/10\/Postkartenkrimis-Maike-Frie-1024x832.jpg 1024w, https:\/\/www.skriving.de\/wordpress\/wp-content\/uploads\/2025\/10\/Postkartenkrimis-Maike-Frie-768x624.jpg 768w, https:\/\/www.skriving.de\/wordpress\/wp-content\/uploads\/2025\/10\/Postkartenkrimis-Maike-Frie-scaled.jpg 1260w\" sizes=\"auto, (max-width: 300px) 100vw, 300px\" \/><\/a>Kurz und knapp und m\u00f6rderisch gut!<\/h2>\n<p>Es muss zwar nicht immer jemand sterben, aber auf begrenztem Raum ein Verbrechen, den Grund daf\u00fcr oder die Folgen davon zu schildern, ist gleichzeitig Herausforderung und Spa\u00df. Flasch Fiction wird immer bekannter und beliebter &#8211; eigene Postkartenkrimis zu entwickeln und zu gestalten, ist eine wunderbare Finger\u00fcbung f\u00fcrs Schreiben. Und die Ergebnisse eignen sich f\u00fcr selbst gemachte Advents- oder Jahres kalender, zum Aufh\u00e4ngen oder Verschicken.<\/p>\n<p>Wir starten mit unterschiedlichen Impulsen ins Schreiben, sammeln Ideen rund um K\u00fcrzestkrimis. Motive, Tatverd\u00e4chtige, Opfer, Tatorte und Tatwerkzeuge &#8211; daraus l\u00e4sst sich ein bunter Reigen von kriminellen Ereignissen entwickeln. Einiges wird verdichtet, anderes ausgef\u00fchrt und schon ist ein Krimi im Postkartenformat entstanden.<\/p>\n<p>F\u00fcr Kurzkrimis gelten andere Regeln als f\u00fcr Kriminalromane. Da darf gerne angedeutet werden, und ob jemand mit der Tat in einer l\u00e4ngeren Geschichte davonk\u00e4me, ist meist fraglich. In der Verknappung darf \u00fcberzeichnet und mit Klischees gespielt werden. Eine Kehrtwende, Pointe oder humorige Aufl\u00f6sung am Ende reicht oft &#8211; der vollst\u00e4ndige Hintergrund der Ereignisse kann sich dann in den K\u00f6pfen der Lesenden abspielen.<\/p>\n<p>Im Seminar entstehen durch verschiedene Schreibanregungen mehrere K\u00fcrzestgeschichten. Das kann auch ein Brief ans Opfer oder an eine tatbeteiligte Person sein. Auf verschiedenenfarbigen Postkarten k\u00f6nnen die Texte mit Bildern, Stiften, Farben und weiteren Materialien gestaltet und so noch mal zu einem ganz eigenen Kunstwerk zusammengestellt werden. Manchmal sorgt ein Bild oder eine \u00dcberschrift, ein Absatz oder eine Textanordnung daf\u00fcr, dass sich ganz neue Interpretationsm\u00f6glichkeiten auftun &#8230;<\/p>\n<p>Anmeldung \u00fcber das<a href=\"https:\/\/kreativ-haus.de\/index.php?id=118&amp;tx_seminars_pi1%5BshowUid%5D=1821\" target=\"_blank\" rel=\"noopener\"><strong> Kreativ-Haus M\u00fcnster<\/strong><\/a>.<\/p>\n<h3>Die n\u00e4chsten Termine f\u00fcr Postkartenkrimis:<\/h3>\n<ul>\n<li>21. Februar 2026, 10-16 Uhr im <a href=\"https:\/\/kreativ-haus.de\/\" target=\"_blank\" rel=\"noopener\">Kreativ-Haus M\u00fcnster<\/a><\/li>\n<li>Auf Anfrage wird ab 5 Teilnehmenden ein Kurs eingerichtet<\/li>\n<\/ul>\n<h3>Organisatorisches zum K\u00fcrzestkrimi-Kurs:<\/h3>\n<ul>\n<li><strong>Dauer:<\/strong> 10-16 Uhr<\/li>\n<li><strong>Kosten:<\/strong> 110 Euro (inkl. MwSt.) pro Person, inklusive Knabbereien, Getr\u00e4nken und einer Materialmappe<\/li>\n<li><strong>Ort:<\/strong> M\u00fcnster<\/li>\n<\/ul>\n","protected":false},"excerpt":{"rendered":"<p>Kurz und knapp und m\u00f6rderisch gut! Es muss zwar nicht immer jemand sterben, aber auf begrenztem Raum ein Verbrechen, den Grund daf\u00fcr oder die Folgen davon zu schildern, ist gleichzeitig Herausforderung und Spa\u00df. Flasch Fiction wird immer bekannter und beliebter &#8211; eigene Postkartenkrimis zu entwickeln und zu gestalten, ist eine wunderbare Finger\u00fcbung f\u00fcrs Schreiben. Und [&hellip;]<\/p>\n","protected":false},"author":2,"featured_media":0,"parent":15,"menu_order":4,"comment_status":"closed","ping_status":"closed","template":"","meta":{"om_disable_all_campaigns":false,"_monsterinsights_skip_tracking":false,"_monsterinsights_sitenote_active":false,"_monsterinsights_sitenote_note":"","_monsterinsights_sitenote_category":0,"footnotes":""},"class_list":["post-3862","page","type-page","status-publish","hentry"],"aioseo_notices":[],"_links":{"self":[{"href":"https:\/\/www.skriving.de\/wordpress\/wp-json\/wp\/v2\/pages\/3862","targetHints":{"allow":["GET"]}}],"collection":[{"href":"https:\/\/www.skriving.de\/wordpress\/wp-json\/wp\/v2\/pages"}],"about":[{"href":"https:\/\/www.skriving.de\/wordpress\/wp-json\/wp\/v2\/types\/page"}],"author":[{"embeddable":true,"href":"https:\/\/www.skriving.de\/wordpress\/wp-json\/wp\/v2\/users\/2"}],"replies":[{"embeddable":true,"href":"https:\/\/www.skriving.de\/wordpress\/wp-json\/wp\/v2\/comments?post=3862"}],"version-history":[{"count":13,"href":"https:\/\/www.skriving.de\/wordpress\/wp-json\/wp\/v2\/pages\/3862\/revisions"}],"predecessor-version":[{"id":4288,"href":"https:\/\/www.skriving.de\/wordpress\/wp-json\/wp\/v2\/pages\/3862\/revisions\/4288"}],"up":[{"embeddable":true,"href":"https:\/\/www.skriving.de\/wordpress\/wp-json\/wp\/v2\/pages\/15"}],"wp:attachment":[{"href":"https:\/\/www.skriving.de\/wordpress\/wp-json\/wp\/v2\/media?parent=3862"}],"curies":[{"name":"wp","href":"https:\/\/api.w.org\/{rel}","templated":true}]}}