{"id":34,"date":"2015-06-26T10:46:37","date_gmt":"2015-06-26T08:46:37","guid":{"rendered":"http:\/\/www.skriving.de\/wordpress\/?page_id=34"},"modified":"2025-09-11T18:09:04","modified_gmt":"2025-09-11T16:09:04","slug":"impressum","status":"publish","type":"page","link":"https:\/\/www.skriving.de\/wordpress\/impressum\/","title":{"rendered":"Impressum"},"content":{"rendered":"<p><strong>skriving<\/strong><br \/>\nLektorat \u2013 Text \u2013 Norwegisch<\/p>\n<p>Maike Frie<br \/>\nPappelweg 4<br \/>\n48165 M\u00fcnster<\/p>\n<p>www.skriving.de<br \/>\nE-Mail: frie[a]skriving.de<\/p>\n<p>Instagram: <a href=\"https:\/\/www.instagram.com\/skrivingmaike\/\" target=\"_blank\" rel=\"noopener\">@skrivingMaike<\/a><\/p>\n<p>Telefon: +49 2501 \/ 972 57 05<br \/>\nMobil:\u00a0\u00a0 +49 179 \/ 972 66 02<\/p>\n<p>USt-IdNr.: DE247021188<\/p>\n<p>Die Rechte an den Bildern liegen bei den FotografInnen: <a href=\"http:\/\/www.melaniefleischerphotographie.de\/\" target=\"_blank\" rel=\"noopener\">Melanie Fleischer<\/a> (Portr\u00e4tbild Startseite + Gravatar), <a href=\"http:\/\/sandrakonold.com\/willkommen.html\" target=\"_blank\" rel=\"noopener\">Sandra Konold<\/a> (Portr\u00e4tbild Seite &#8220;Maike Frie&#8221;), Frie (alle Bilder ohne Namensnennung), andere Fotografen im Blog mit Namensnennung<br \/>\nDie Rechte an den Texten liegen bei Maike Frie &#8211; im Blog finden sich auch Interviews und Gastbeitr\u00e4ge, die von den jeweiligen G\u00e4sten verfasst wurden.<\/p>\n<p>&nbsp;<\/p>\n<p>&nbsp;<\/p>\n<p><strong>Haftungsausschluss (Disclaimer)<\/strong><\/p>\n<p>Als Diensteanbieter sind wir gem\u00e4\u00df \u00a7 7 Abs.1 DDG f\u00fcr eigene Inhalte auf diesen Seiten nach den allgemeinen Gesetzen verantwortlich. Nach \u00a7\u00a7 8 bis 10 DDG sind wir als Diensteanbieter jedoch nicht verpflichtet, \u00fcbermittelte oder gespeicherte fremde Informationen zu \u00fcberwachen oder nach Umst\u00e4nden zu forschen, die auf eine rechtswidrige T\u00e4tigkeit hinweisen. Verpflichtungen zur Entfernung oder Sperrung der Nutzung von Informationen nach den allgemeinen Gesetzen bleiben hiervon unber\u00fchrt. Eine diesbez\u00fcgliche Haftung ist jedoch erst ab dem Zeitpunkt der Kenntnis einer konkreten Rechtsverletzung m\u00f6glich. Bei Bekanntwerden von entsprechenden Rechtsverletzungen werden wir diese Inhalte umgehend entfernen.<\/p>\n<p><strong>Haftung f\u00fcr Links<\/strong><\/p>\n<p>Unser Angebot enth\u00e4lt Links zu externen Webseiten Dritter, auf deren Inhalte wir keinen Einfluss haben. Deshalb k\u00f6nnen wir f\u00fcr diese fremden Inhalte auch keine Gew\u00e4hr \u00fcbernehmen. F\u00fcr die Inhalte der verlinkten Seiten ist stets der jeweilige Anbieter oder Betreiber der Seiten verantwortlich. Die verlinkten Seiten wurden zum Zeitpunkt der Verlinkung auf m\u00f6gliche Rechtsverst\u00f6\u00dfe \u00fcberpr\u00fcft. Rechtswidrige Inhalte waren zum Zeitpunkt der Verlinkung nicht erkennbar. Eine permanente inhaltliche Kontrolle der verlinkten Seiten ist jedoch ohne konkrete Anhaltspunkte einer Rechtsverletzung nicht zumutbar. Bei Bekanntwerden von Rechtsverletzungen werden wir derartige Links umgehend entfernen.<\/p>\n<p><strong>Urheberrecht<\/strong><\/p>\n<p>Die durch die Seitenbetreiber erstellten Inhalte und Werke auf diesen Seiten unterliegen dem deutschen Urheberrecht. Die Vervielf\u00e4ltigung, Bearbeitung, Verbreitung und jede Art der Verwertung au\u00dferhalb der Grenzen des Urheberrechtes bed\u00fcrfen der schriftlichen Zustimmung des jeweiligen Autors bzw. Erstellers. Downloads und Kopien dieser Seite sind nur f\u00fcr den privaten, nicht kommerziellen Gebrauch gestattet. Soweit die Inhalte auf dieser Seite nicht vom Betreiber erstellt wurden, werden die Urheberrechte Dritter beachtet. Insbesondere werden Inhalte Dritter als solche gekennzeichnet. Sollten Sie trotzdem auf eine Urheberrechtsverletzung aufmerksam werden, bitten wir um einen entsprechenden Hinweis. Bei Bekanntwerden von Rechtsverletzungen werden wir derartige Inhalte umgehend entfernen.<\/p>\n<p>&nbsp;<\/p>\n<p style=\"text-align: left;\">ViSdP: Maike Frie<\/p>\n<p>USt-Id Nr DE 247 021 188<\/p>\n<p>Logo-Gestaltung: Eva Uthmann<br \/>\nTechnische Unterst\u00fctzung: <a href=\"https:\/\/www.content-iq.com\/\" target=\"_blank\" rel=\"noopener\">Dr. Katja Flinzner<\/a><\/p>\n","protected":false},"excerpt":{"rendered":"<p>skriving Lektorat \u2013 Text \u2013 Norwegisch Maike Frie Pappelweg 4 48165 M\u00fcnster www.skriving.de E-Mail: frie[a]skriving.de Instagram: @skrivingMaike Telefon: +49 2501 \/ 972 57 05 Mobil:\u00a0\u00a0 +49 179 \/ 972 66 02 USt-IdNr.: DE247021188 Die Rechte an den Bildern liegen bei den FotografInnen: Melanie Fleischer (Portr\u00e4tbild Startseite + Gravatar), Sandra Konold (Portr\u00e4tbild Seite &#8220;Maike Frie&#8221;), Frie [&hellip;]<\/p>\n","protected":false},"author":1,"featured_media":0,"parent":0,"menu_order":0,"comment_status":"closed","ping_status":"closed","template":"","meta":{"om_disable_all_campaigns":false,"_monsterinsights_skip_tracking":false,"_monsterinsights_sitenote_active":false,"_monsterinsights_sitenote_note":"","_monsterinsights_sitenote_category":0,"footnotes":""},"class_list":["post-34","page","type-page","status-publish","hentry"],"aioseo_notices":[],"_links":{"self":[{"href":"https:\/\/www.skriving.de\/wordpress\/wp-json\/wp\/v2\/pages\/34","targetHints":{"allow":["GET"]}}],"collection":[{"href":"https:\/\/www.skriving.de\/wordpress\/wp-json\/wp\/v2\/pages"}],"about":[{"href":"https:\/\/www.skriving.de\/wordpress\/wp-json\/wp\/v2\/types\/page"}],"author":[{"embeddable":true,"href":"https:\/\/www.skriving.de\/wordpress\/wp-json\/wp\/v2\/users\/1"}],"replies":[{"embeddable":true,"href":"https:\/\/www.skriving.de\/wordpress\/wp-json\/wp\/v2\/comments?post=34"}],"version-history":[{"count":31,"href":"https:\/\/www.skriving.de\/wordpress\/wp-json\/wp\/v2\/pages\/34\/revisions"}],"predecessor-version":[{"id":4181,"href":"https:\/\/www.skriving.de\/wordpress\/wp-json\/wp\/v2\/pages\/34\/revisions\/4181"}],"wp:attachment":[{"href":"https:\/\/www.skriving.de\/wordpress\/wp-json\/wp\/v2\/media?parent=34"}],"curies":[{"name":"wp","href":"https:\/\/api.w.org\/{rel}","templated":true}]}}