{"id":2285,"date":"2018-12-14T09:50:36","date_gmt":"2018-12-14T08:50:36","guid":{"rendered":"https:\/\/www.skriving.de\/wordpress\/?page_id=2285"},"modified":"2026-02-02T15:42:11","modified_gmt":"2026-02-02T14:42:11","slug":"literaturwettbewerbe","status":"publish","type":"page","link":"https:\/\/www.skriving.de\/wordpress\/schreibwerkstatt\/literaturwettbewerbe\/","title":{"rendered":"2027 Motivierender Planungsworkshop"},"content":{"rendered":"<div class=\"entry-content page-content\">\n<div class=\"elementor elementor-22451\" data-elementor-type=\"wp-page\" data-elementor-id=\"22451\" data-elementor-settings=\"[]\">\n<div class=\"elementor-inner\">\n<div class=\"elementor-section-wrap\">\n<section class=\"elementor-section elementor-top-section elementor-element elementor-element-1302580 elementor-section-boxed elementor-section-height-default elementor-section-height-default\" data-id=\"1302580\" data-element_type=\"section\">\n<div class=\"elementor-container elementor-column-gap-default\">\n<div class=\"elementor-row\">\n<div class=\"elementor-column elementor-col-33 elementor-top-column elementor-element elementor-element-5f93a98\" data-id=\"5f93a98\" data-element_type=\"column\">\n<div class=\"elementor-column-wrap elementor-element-populated\">\n<div class=\"elementor-widget-wrap\">\n<div class=\"elementor-element elementor-element-735d241 elementor-widget elementor-widget-text-editor\" data-id=\"735d241\" data-element_type=\"widget\" data-widget_type=\"text-editor.default\">\n<div class=\"elementor-widget-container\">\n<div class=\"elementor-text-editor elementor-clearfix\">\n<h3>Wiederauflage des motivierenden Planungsworkshops <strong>2027<\/strong><\/h3>\n<p>In Kooperation mit <a href=\"https:\/\/www.treffpunktschreiben.at\" target=\"_blank\" rel=\"noopener\">Veronika Hallwirth und Sonja Kral vom Treffpunktschreiben<\/a> gebe ich am Samstag, dem 23. Januar 2027, erneut einen motivierenden Planungsworkshop. So k\u00fcndigen die beiden ihn auf ihrer Internetseite an:<\/p>\n<p><a href=\"https:\/\/www.skriving.de\/wordpress\/wp-content\/uploads\/2023\/10\/TS-Planungsworkshop-STORIES-002.jpg\"><img loading=\"lazy\" decoding=\"async\" class=\"size-medium wp-image-3701 alignleft\" src=\"https:\/\/www.skriving.de\/wordpress\/wp-content\/uploads\/2023\/10\/TS-Planungsworkshop-STORIES-002-169x300.jpg\" alt=\"Grafik \/ Logo von Treffpunkt Schreiben zum Motivierenden Planungsworkshop im Januar 2024; Blau-Wei\u00df mit rotem Button\" width=\"169\" height=\"300\" srcset=\"https:\/\/www.skriving.de\/wordpress\/wp-content\/uploads\/2023\/10\/TS-Planungsworkshop-STORIES-002-169x300.jpg 169w, https:\/\/www.skriving.de\/wordpress\/wp-content\/uploads\/2023\/10\/TS-Planungsworkshop-STORIES-002-576x1024.jpg 576w, https:\/\/www.skriving.de\/wordpress\/wp-content\/uploads\/2023\/10\/TS-Planungsworkshop-STORIES-002-768x1365.jpg 768w, https:\/\/www.skriving.de\/wordpress\/wp-content\/uploads\/2023\/10\/TS-Planungsworkshop-STORIES-002-864x1536.jpg 864w, https:\/\/www.skriving.de\/wordpress\/wp-content\/uploads\/2023\/10\/TS-Planungsworkshop-STORIES-002.jpg 1024w\" sizes=\"auto, (max-width: 169px) 100vw, 169px\" \/><\/a>Finde heraus, an welchen <strong>Wettbewerben<\/strong> und <strong>Ausschreibungen<\/strong> du <strong>2027<\/strong>\u00a0teilnehmen m\u00f6chtest.<\/p>\n<p>Erstelle deinen <strong>pers\u00f6nlichen Jahresplan<\/strong>.<\/p>\n<p>Lege die Grundlage f\u00fcr deinen <strong>Schreiberfolg<\/strong>.<\/p>\n<\/div>\n<\/div>\n<\/div>\n<\/div>\n<\/div>\n<\/div>\n<\/div>\n<\/div>\n<\/section>\n<section class=\"elementor-section elementor-top-section elementor-element elementor-element-63fbd71 elementor-section-boxed elementor-section-height-default elementor-section-height-default\" data-id=\"63fbd71\" data-element_type=\"section\">\n<div class=\"elementor-container elementor-column-gap-default\">\n<div class=\"elementor-row\">\n<div class=\"elementor-column elementor-col-100 elementor-top-column elementor-element elementor-element-c07b18b\" data-id=\"c07b18b\" data-element_type=\"column\">\n<div class=\"elementor-column-wrap elementor-element-populated\">\n<div class=\"elementor-widget-wrap\">\n<div class=\"elementor-element elementor-element-09be755 elementor-widget elementor-widget-text-editor\" data-id=\"09be755\" data-element_type=\"widget\" data-widget_type=\"text-editor.default\">\n<div class=\"elementor-widget-container\">\n<div class=\"elementor-text-editor elementor-clearfix\">\n<ul>\n<li>Du willst im kommenden Jahr mehr schreiben?<\/li>\n<li>Du hast das Ziel, deine Texte bei Wettbewerben einzureichen oder in Anthologien und Literaturzeitschriften zu ver\u00f6ffentlichen?<\/li>\n<li>Dann ist dieser motivierende Planungsworkshop genau das Richtige f\u00fcr dich!<\/li>\n<\/ul>\n<p>Egal, ob du gerade erst mit dem Schreiben startest oder schon ein\/e erfahrene\/r Schreibende\/r bist, unser Planungsworkshop motiviert dich, deine Ziele zu verwirklichen und 2027 zu deinem Schreibjahr zu machen.<\/p>\n<\/div>\n<\/div>\n<\/div>\n<\/div>\n<\/div>\n<\/div>\n<\/div>\n<\/div>\n<\/section>\n<section class=\"elementor-section elementor-top-section elementor-element elementor-element-5b2a3202 elementor-section-boxed elementor-section-height-default elementor-section-height-default\" data-id=\"5b2a3202\" data-element_type=\"section\">\n<div class=\"elementor-container elementor-column-gap-default\">\n<div class=\"elementor-row\">\n<div class=\"elementor-column elementor-col-100 elementor-top-column elementor-element elementor-element-2c123434\" data-id=\"2c123434\" data-element_type=\"column\">\n<div class=\"elementor-column-wrap elementor-element-populated\">\n<div class=\"elementor-widget-wrap\">\n<div class=\"elementor-element elementor-element-6bf4ca40 elementor-widget elementor-widget-text-editor\" data-id=\"6bf4ca40\" data-element_type=\"widget\" data-widget_type=\"text-editor.default\">\n<div class=\"elementor-widget-container\">\n<div class=\"elementor-text-editor elementor-clearfix\">\n<h3>Das erwartet dich beim Online-Workshop:<\/h3>\n<ul>\n<li>Definiere, was du mit deiner Teilnahme an Schreibwettbewerben erreichen m\u00f6chtest.<\/li>\n<li>Erfahre, wie du auf aktuelle Ausschreibungen aufmerksam wirst und wie du die angegebenen Bedingungen am besten erf\u00fcllst.<\/li>\n<li>Finde heraus, welche deiner Texte zu welcher Ausschreibung passen und welche Schwerpunkte die Veranstaltenden haben.<\/li>\n<li>Lerne, welche Ausschreibungen auf deinem Weg zur Autor*in zu dir passen und wann es sinnvoll ist, sich zu beteiligen.<\/li>\n<li>Erstelle deine pers\u00f6nliche Jahresplanung f\u00fcr dein Schreibjahr 2027.<\/li>\n<li>Sammle Ideen und Inspiration f\u00fcr deine Teilnahme an aktuellen Schreibwettbewerben.<\/li>\n<li>Tausche dich mit anderen Teilnehmer*innen aus.<\/li>\n<\/ul>\n<p>Maike Frie hat als Autorin zahlreiche Erz\u00e4hlungen in Zeitschriften und Anthologien ver\u00f6ffentlicht. Sie begleitet dich durch den Workshop-Tag und l\u00e4sst dich an ihren Erfahrungen und Planungsstrategien teilhaben.<\/p>\n<\/div>\n<\/div>\n<\/div>\n<\/div>\n<\/div>\n<\/div>\n<\/div>\n<\/div>\n<\/section>\n<section class=\"elementor-section elementor-top-section elementor-element elementor-element-8ef9a5e elementor-section-boxed elementor-section-height-default elementor-section-height-default\" data-id=\"8ef9a5e\" data-element_type=\"section\">\n<div class=\"elementor-container elementor-column-gap-default\">\n<div class=\"elementor-row\">\n<div class=\"elementor-column elementor-col-100 elementor-top-column elementor-element elementor-element-3c15027\" data-id=\"3c15027\" data-element_type=\"column\">\n<div class=\"elementor-column-wrap elementor-element-populated\">\n<div class=\"elementor-widget-wrap\">\n<div class=\"elementor-element elementor-element-c1357ce elementor-blockquote--skin-border elementor-blockquote--button-color-official elementor-widget elementor-widget-blockquote\" data-id=\"c1357ce\" data-element_type=\"widget\" data-widget_type=\"blockquote.default\">\n<div class=\"elementor-widget-container\">\n<blockquote class=\"elementor-blockquote\">\n<p class=\"elementor-blockquote__content\">G\u00f6nne dir diese Zeit f\u00fcr deine literarische Jahresplanung!<\/p>\n<\/blockquote>\n<\/div>\n<\/div>\n<\/div>\n<\/div>\n<\/div>\n<\/div>\n<\/div>\n<\/section>\n<\/div>\n<\/div>\n<\/div>\n<\/div>\n<p><strong>Online-Termin 2027 beim <a href=\"https:\/\/treffpunktschreiben.at\/schreibwettbewerbe-motivierender-planungsworkshop\/\" target=\"_blank\" rel=\"noopener\">Treffpunkt Schreiben von Veronika Hallwirth und Sonja Kral<\/a>:<br \/>\n<\/strong><\/p>\n<ul>\n<li>Samstag, 23. Januar 2027, 10-16 Uhr<\/li>\n<li>Preise und alle weiteren Infos bei Treffpunkt Schreiben<\/li>\n<li>4-12 Teilnehmende<\/li>\n<li><a href=\"https:\/\/treffpunktschreiben.at\/anmeldung\/\" target=\"_blank\" rel=\"noopener\"><strong>Anmeldung via Treffpunkt Schreiben<\/strong><\/a><\/li>\n<li>online via Zoom<\/li>\n<\/ul>\n<p>Auf der Seite von Sonja und Veronika findet ihr auch ein paar R\u00fcckmeldungen von Teilnehmenden.<\/p>\n<p>Tipps und Hinweise zur Beteiligung an Wettbewerben gibt es auch hier im Blog:<\/p>\n<ul>\n<li><a title=\"Literaturwettbewerbe und Ausschreibungen \u2013 Beteiligen ohne Frust\" href=\"https:\/\/www.skriving.de\/wordpress\/literaturwettbewerbe-und-ausschreibungen-beteiligen-ohne-frust\/\" target=\"_blank\" rel=\"noopener\">Literaturwettbewerbe und Ausschreibungen \u2013 Beteiligen ohne Frust<\/a><\/li>\n<li><a title=\"Schreibwettbewerbe 2024\" href=\"https:\/\/www.skriving.de\/wordpress\/schreibwettbewerbe-2024\/\" target=\"_blank\" rel=\"noopener\">Schreibwettbewerbe und Stipendien<\/a><\/li>\n<li><a title=\"Schreibwettbewerbe 2023\" href=\"https:\/\/www.skriving.de\/wordpress\/schreibwettbewerbe-2023\/\" target=\"_blank\" rel=\"noopener\">Schreibwettbewerbe: Wie erfolgsversprechend mitmachen?<\/a><\/li>\n<\/ul>\n<p>Einen guten \u00dcberblick \u00fcber Ausschreibungen bekommt man \u00fcbrigens auf diesen Internetseiten:<\/p>\n<ul>\n<li>Auf der Liste von <a href=\"https:\/\/treffpunktschreiben.at\/wettbewerbe\/\" target=\"_blank\" rel=\"noopener\"><strong>Treffpunktschreiben<\/strong><\/a><\/li>\n<li><strong><a href=\"https:\/\/www.autorenwelt.de\/verzeichnis\/aufrufe\" target=\"_blank\" rel=\"noopener noreferrer\">Autorenwelt<\/a><\/strong> und die <a href=\"https:\/\/www.autorenwelt.de\/magazin\/federwelt\/aktuelles-heft\/newsletter.html\" target=\"_blank\" rel=\"noopener noreferrer\">Newsletter<\/a><\/li>\n<li><a href=\"https:\/\/www.literaturport.de\/preise-stipendien\/\" target=\"_blank\" rel=\"noopener noreferrer\"><strong>Literaturport<\/strong><\/a><\/li>\n<li><strong><a href=\"https:\/\/www.autorenforum.de\/the-tempest\" target=\"_blank\" rel=\"noopener noreferrer\">Tempest-Newsletter<\/a><\/strong> rund ums Kreative Schreiben<\/li>\n<li><a href=\"http:\/\/geest-verlag.de\/news\" target=\"_blank\" rel=\"noopener noreferrer\"><strong>Geest-Verlag<\/strong><\/a><\/li>\n<\/ul>\n","protected":false},"excerpt":{"rendered":"<p>Wiederauflage des motivierenden Planungsworkshops 2027 In Kooperation mit Veronika Hallwirth und Sonja Kral vom Treffpunktschreiben gebe ich am Samstag, dem 23. Januar 2027, erneut einen motivierenden Planungsworkshop. So k\u00fcndigen die beiden ihn auf ihrer Internetseite an: Finde heraus, an welchen Wettbewerben und Ausschreibungen du 2027\u00a0teilnehmen m\u00f6chtest. Erstelle deinen pers\u00f6nlichen Jahresplan. Lege die Grundlage f\u00fcr deinen [&hellip;]<\/p>\n","protected":false},"author":2,"featured_media":0,"parent":15,"menu_order":0,"comment_status":"closed","ping_status":"closed","template":"","meta":{"om_disable_all_campaigns":false,"_monsterinsights_skip_tracking":false,"_monsterinsights_sitenote_active":false,"_monsterinsights_sitenote_note":"","_monsterinsights_sitenote_category":0,"footnotes":""},"class_list":["post-2285","page","type-page","status-publish","hentry"],"aioseo_notices":[],"_links":{"self":[{"href":"https:\/\/www.skriving.de\/wordpress\/wp-json\/wp\/v2\/pages\/2285","targetHints":{"allow":["GET"]}}],"collection":[{"href":"https:\/\/www.skriving.de\/wordpress\/wp-json\/wp\/v2\/pages"}],"about":[{"href":"https:\/\/www.skriving.de\/wordpress\/wp-json\/wp\/v2\/types\/page"}],"author":[{"embeddable":true,"href":"https:\/\/www.skriving.de\/wordpress\/wp-json\/wp\/v2\/users\/2"}],"replies":[{"embeddable":true,"href":"https:\/\/www.skriving.de\/wordpress\/wp-json\/wp\/v2\/comments?post=2285"}],"version-history":[{"count":31,"href":"https:\/\/www.skriving.de\/wordpress\/wp-json\/wp\/v2\/pages\/2285\/revisions"}],"predecessor-version":[{"id":4332,"href":"https:\/\/www.skriving.de\/wordpress\/wp-json\/wp\/v2\/pages\/2285\/revisions\/4332"}],"up":[{"embeddable":true,"href":"https:\/\/www.skriving.de\/wordpress\/wp-json\/wp\/v2\/pages\/15"}],"wp:attachment":[{"href":"https:\/\/www.skriving.de\/wordpress\/wp-json\/wp\/v2\/media?parent=2285"}],"curies":[{"name":"wp","href":"https:\/\/api.w.org\/{rel}","templated":true}]}}