{"id":2225,"date":"2018-12-09T10:14:57","date_gmt":"2018-12-09T09:14:57","guid":{"rendered":"https:\/\/www.skriving.de\/wordpress\/?page_id=2225"},"modified":"2025-12-17T08:16:26","modified_gmt":"2025-12-17T07:16:26","slug":"textperimente","status":"publish","type":"page","link":"https:\/\/www.skriving.de\/wordpress\/schreibwerkstatt\/textperimente\/","title":{"rendered":"2026 Textperimente"},"content":{"rendered":"<p><strong><a href=\"https:\/\/www.skriving.de\/wordpress\/wp-content\/uploads\/2025\/03\/Textperimente-2025-Plakat-Doris-Reich-Nathalie-Nehues-e1741709154262.jpg\"><img loading=\"lazy\" decoding=\"async\" class=\"size-medium wp-image-3914 alignleft\" src=\"https:\/\/www.skriving.de\/wordpress\/wp-content\/uploads\/2025\/03\/Textperimente-2025-Plakat-Doris-Reich-Nathalie-Nehues-240x300.jpg\" alt=\"Textperimente 2025. Willkommensplakat von Doris Reich. Bild gestaltet von Nathalie Nehues vom Kreativ-Haus M\u00fcnster.\" width=\"240\" height=\"300\" \/><\/a>+++ 25. April 2026 +++<br \/>\n<\/strong><\/p>\n<p>Einfach mal mit Worten, Sprache, Schrift und Formen textperimentieren. An diesem Kreativ-Tag k\u00f6nnen Sie bei verschiedenen Dozentinnen mit allen Sinnen schreiben. Am Ende feiern wir jedes Wort, das den Weg aufs Papier gefunden hat.<\/p>\n<p>Am Vor- und Nachmittag k\u00f6nnen Sie jeweils einen von drei verschiedenen Workshops w\u00e4hlen, bei denen mit unterschiedlichen Schreibimpulsen die Kreativit\u00e4t geweckt wird. So entstehen heitere, bunte, nachdenklich stimmende, skurrile oder rabenschwarze Wortbilder, Collagen oder ganze Geschichten, frei erfunden oder wirklich erlebt.<\/p>\n<p>In der Abschlussrunde d\u00fcrfen Sie \u2013 wenn Sie m\u00f6chten \u2013 Ihre Ergebnisse vorlesen oder auf einer Ausstellungswand pr\u00e4sentieren.<\/p>\n<p>Vorkenntnisse sind nicht n\u00f6tig \u2013 aber auch kein Hinderungsgrund. Bitte Lieblings-Schreibsachen mitbringen.<\/p>\n<p>Vegetarisches Mittagessen und Getr\u00e4nke inklusive.<\/p>\n<p><a href=\"https:\/\/kreativ-haus.de\/index.php?id=262&amp;tx_seminars_pi1%5BshowUid%5D=387\" target=\"_blank\" rel=\"noopener\"><strong>Anmeldung \u00fcber das Kreativ-Haus!<\/strong><\/a><\/p>\n<h3><strong><a href=\"https:\/\/www.skriving.de\/wordpress\/wp-content\/uploads\/2025\/03\/Textperimente-2025-Archetypen-deiner-Lebensgeschichte-Doris-Reich-Nathalie-Nehues-e1741709370918.jpg\"><img loading=\"lazy\" decoding=\"async\" class=\"size-medium wp-image-3910 alignright\" src=\"https:\/\/www.skriving.de\/wordpress\/wp-content\/uploads\/2025\/03\/Textperimente-2025-Archetypen-deiner-Lebensgeschichte-Doris-Reich-Nathalie-Nehues-240x300.jpg\" alt=\"Textperimente 2025 Kurs Archetypen der eigenen Lebensgeschichte. Bild gestaltet von Nathalie Nehues vom Kreativ-Haus M\u00fcnster.\" width=\"240\" height=\"300\" \/><\/a>Die Archetypen deiner eigenen Lebensgeschichte entdecken<\/strong><\/h3>\n<p><strong>Ein kreativer Zugang zum biografischen Schreiben<\/strong><\/p>\n<blockquote><p>Archetypen wie Rebell:In, Weise\/r oder Held:In sind universelle Muster menschlicher Erfahrungen, die sich in Geschichten und Bildern ausdr\u00fccken. In diesem Workshop erkundest du, welche Rolle ausgew\u00e4hlte Archetypen in deiner Lebensgeschichte spielen.<\/p>\n<p>Nach einer kurzen Einf\u00fchrung tauchst du mit gezielten Schreibimpulsen in deine Lebensgeschichte ein und entdeckst neue Perspektiven auf deine Erfahrungen.<\/p><\/blockquote>\n<p>Leitung: Doris Reich <a href=\"http:\/\/www.doris-reich.com\">www.doris-reich.com<\/a><\/p>\n<h3><strong>Schreiben mit allen Sinnen<\/strong><\/h3>\n<blockquote><p>Was passiert eigentlich, wenn wir uns einmal ganz auf unsere Sinne konzentrieren? Wenn wir konzentriert h\u00f6ren, schmecken, f\u00fchlen, riechen und sehen \u2013 und dann aus diesen Erfahrungen Texte entstehen lassen? Dieser Workshop ist eine Einladung zum sinnlichen Schreiben auf der einen und zu einem neuen Zugang zu Kreativit\u00e4t und Spontanit\u00e4t auf der anderen Seite. Schreibimpulse wechseln sich hier mit kleinen Meditationsmomenten ab. Am Ende entstehen Texte, die mehr als nur einen Sinn ansprechen.<\/p><\/blockquote>\n<p>Leitung: <a href=\"https:\/\/katjaschreibt.jimdo.com\" target=\"_blank\" rel=\"noopener noreferrer\">Katja Angenent<\/a><\/p>\n<p>&nbsp;<\/p>\n<h3><strong><u>Collagen-Schreiben<\/u><\/strong><\/h3>\n<p><strong>Vom Foto zum geschriebenen Bild<\/strong><\/p>\n<blockquote><p>Wir lassen uns von vielf\u00e4ltigem Bildmaterial inspirieren: zum Schneiden, Kleben und Schreiben. Auf gro\u00dfformatigen Zeitschriftenausrissen entstehen mehrteilige Collagen aus Text und Bild, die zum Geschichten-Entwickeln inspirieren. Im kleineren Format kreieren wir Postkarten, die zum Anschauen und Verschicken anregen. Es wird gebastelt und mit den frisch entstandenen Bild-Impulsen geschrieben.<\/p><\/blockquote>\n<p>Leitung: Maike Frie<\/p>\n<p>&nbsp;<\/p>\n<h3><strong><a href=\"https:\/\/www.skriving.de\/wordpress\/wp-content\/uploads\/2025\/03\/Textperimente-2025-Notizbuch-selbst-gemacht-Nina-Kluempers-Nathalie-Nehues.jpg\"><img loading=\"lazy\" decoding=\"async\" class=\"size-medium wp-image-3913 alignright\" src=\"https:\/\/www.skriving.de\/wordpress\/wp-content\/uploads\/2025\/03\/Textperimente-2025-Notizbuch-selbst-gemacht-Nina-Kluempers-Nathalie-Nehues-240x300.jpg\" alt=\"Textperimente 2025 Kurs Notizb\u00fccher selbst gestalten. Bild gestaltet von Nathalie Nehues vom Kreativ-Haus M\u00fcnster.\" width=\"240\" height=\"300\" \/><\/a>Das Notizbuch \u2013 Einfach selbst gemacht<\/strong><\/h3>\n<blockquote><p>So viele Ideen und Kreationen \u2013 aber wohin mit all den feinen Gedanken und Texten? Um stets f\u00fcr den n\u00e4chsten literarischen Einfall ger\u00fcstet zu sein, gestalten wir in diesem Workshop ein praktisches Notizbuch.<\/p>\n<p>Ob gro\u00df, klein, dick oder d\u00fcnn \u2013 liegt ganz in deiner Hand. Mit Papier, Farbe, Stiften, Buchstaben- und Motivstempeln entsteht dabei dein ganz eigenes Notizbuch. Die Gestaltung des Umschlags mit deinem Lieblingszitat, einem Sehnsuchtsort oder dem eigenen Namen machen daraus deinen pers\u00f6nlichen Lieblingsplatz, um Gedanken und Ideen festzuhalten.<\/p><\/blockquote>\n<p>Leitung: Nina Kl\u00fcmpers,<a href=\"https:\/\/www.facebook.com\/NKLetterpress\/\" target=\"_blank\" rel=\"noopener noreferrer\"> NK-Letterpress<\/a><\/p>\n<h3><strong>Gemeinsam meuchelt es sich sch\u00f6ner<\/strong><\/h3>\n<p>Zeit f\u00fcr rabendschwarze Gruppen-Kurzkrimis<\/p>\n<blockquote><p>Wen m\u00f6chtest du gerne schreibend um die Ecke bringen? Chefin, Nachbar, Kollege, Schwiegermutter? In diesem Workshop darfst du aus deiner Seele eine kleine M\u00f6rdergrube machen. Denn wir meucheln ja nur mit Stift und Papier.<br \/>\nAber vielleicht nimmt dein Kurzkrimi eine ganz andere Wendung als geplant? Denn du schreibst nur den ersten Absatz, bevor alle Krimis reihum weitergereicht werden. Absatz f\u00fcr Absatz lassen wir uns inspirieren von dem, was die anderen schon geschrieben haben, und schreiben die Geschichten auf unsere Weise fort. Daraus entstehen besonders skurrile, spontane und witzige Geschichten.<\/p><\/blockquote>\n<p>Leitung: Eva-Maria Lerche, <a href=\"http:\/\/www.schreibraum.ms\" target=\"_blank\" rel=\"noopener noreferrer\">Schreibraum M\u00fcnster<\/a><\/p>\n<p>&nbsp;<\/p>\n<h2><a href=\"https:\/\/www.skriving.de\/wordpress\/wp-content\/uploads\/2018\/03\/Textperimente-Bildcollage-Kreativ-Haus-M\u00fcnster-e1520352628979.jpg\"><img loading=\"lazy\" decoding=\"async\" class=\"size-medium wp-image-1921 alignright\" src=\"https:\/\/www.skriving.de\/wordpress\/wp-content\/uploads\/2018\/03\/Textperimente-Bildcollage-Kreativ-Haus-M\u00fcnster-300x300.jpg\" alt=\"Textperimente-Bildcollage-Kreativ-Haus-M\u00fcnster\" width=\"300\" height=\"300\" \/><\/a>Was kosten die Textperimente und wo kann man sich anmelden?<\/h2>\n<ul>\n<li><strong>Zeit: <\/strong>Samstag, 25. April 2026, 10-16.30 Uhr<\/li>\n<li><strong>Kosten:<\/strong> 95 Euro, Mittagessen und Getr\u00e4nke inklusive<\/li>\n<li><strong>Veranstaltungsort:<\/strong> <a href=\"https:\/\/kreativ-haus.de\/index.php?id=262&amp;tx_seminars_pi1%5BshowUid%5D=387\" target=\"_blank\" rel=\"noopener noreferrer\">Kreativ-Haus, Diepenbrockstra\u00dfe 28, 48145 M\u00fcnster<\/a><\/li>\n<li><strong>Anmeldungen\/organisatorische Fragen:<\/strong> Nathalie Nehues, nehues@kreativ-haus.de, Telefon 0251 \/ 89 90 09 -0<\/li>\n<li><strong>Inhaltliche Fragen<\/strong>: Maike Frie (frie@skriving.de) und Eva-Maria Lerche (info@eva-lerche.de)<\/li>\n<\/ul>\n<p>&nbsp;<\/p>\n<p>&nbsp;<\/p>\n<p><strong>Bilder:<\/strong> alle Kacheln wurden gestaltet von Nathalie Nehues vom Kreativ-Haus M\u00fcnster, z. T. mit Fotos der Kursleiterinnen oder von ihr bei vergangenen Textperimenten aufgenommen Fotos. Das Willkommensplakat hat Doris Reich gestaltet.<\/p>\n","protected":false},"excerpt":{"rendered":"<p>+++ 25. April 2026 +++ Einfach mal mit Worten, Sprache, Schrift und Formen textperimentieren. An diesem Kreativ-Tag k\u00f6nnen Sie bei verschiedenen Dozentinnen mit allen Sinnen schreiben. Am Ende feiern wir jedes Wort, das den Weg aufs Papier gefunden hat. Am Vor- und Nachmittag k\u00f6nnen Sie jeweils einen von drei verschiedenen Workshops w\u00e4hlen, bei denen mit [&hellip;]<\/p>\n","protected":false},"author":2,"featured_media":0,"parent":15,"menu_order":0,"comment_status":"closed","ping_status":"closed","template":"","meta":{"om_disable_all_campaigns":false,"_monsterinsights_skip_tracking":false,"_monsterinsights_sitenote_active":false,"_monsterinsights_sitenote_note":"","_monsterinsights_sitenote_category":0,"footnotes":""},"class_list":["post-2225","page","type-page","status-publish","hentry"],"aioseo_notices":[],"_links":{"self":[{"href":"https:\/\/www.skriving.de\/wordpress\/wp-json\/wp\/v2\/pages\/2225","targetHints":{"allow":["GET"]}}],"collection":[{"href":"https:\/\/www.skriving.de\/wordpress\/wp-json\/wp\/v2\/pages"}],"about":[{"href":"https:\/\/www.skriving.de\/wordpress\/wp-json\/wp\/v2\/types\/page"}],"author":[{"embeddable":true,"href":"https:\/\/www.skriving.de\/wordpress\/wp-json\/wp\/v2\/users\/2"}],"replies":[{"embeddable":true,"href":"https:\/\/www.skriving.de\/wordpress\/wp-json\/wp\/v2\/comments?post=2225"}],"version-history":[{"count":40,"href":"https:\/\/www.skriving.de\/wordpress\/wp-json\/wp\/v2\/pages\/2225\/revisions"}],"predecessor-version":[{"id":4292,"href":"https:\/\/www.skriving.de\/wordpress\/wp-json\/wp\/v2\/pages\/2225\/revisions\/4292"}],"up":[{"embeddable":true,"href":"https:\/\/www.skriving.de\/wordpress\/wp-json\/wp\/v2\/pages\/15"}],"wp:attachment":[{"href":"https:\/\/www.skriving.de\/wordpress\/wp-json\/wp\/v2\/media?parent=2225"}],"curies":[{"name":"wp","href":"https:\/\/api.w.org\/{rel}","templated":true}]}}