{"id":1974,"date":"2018-03-19T13:04:35","date_gmt":"2018-03-19T12:04:35","guid":{"rendered":"https:\/\/www.skriving.de\/wordpress\/?page_id=1974"},"modified":"2024-01-23T13:14:56","modified_gmt":"2024-01-23T12:14:56","slug":"newsletter","status":"publish","type":"page","link":"https:\/\/www.skriving.de\/wordpress\/newsletter\/","title":{"rendered":"Newsletter"},"content":{"rendered":"<p>M\u00f6chten Sie auch in Zukunft wissen, was bei skriving.de so los ist? Dann abonnieren Sie doch einfach meinen Newsletter! So bekommen Sie regelm\u00e4\u00dfig Neuigkeiten direkt in Ihre Mailbox geliefert &#8211; zum Beispiel zu meiner Schreibwerkstatt oder einfach zu neuen Blog-Artikeln.<\/p>\n<h2>Einfach Ihre E-Mail-Adresse eintragen und los geht&#8217;s<\/h2>\n<script>(function() {\n\twindow.mc4wp = window.mc4wp || {\n\t\tlisteners: [],\n\t\tforms: {\n\t\t\ton: function(evt, cb) {\n\t\t\t\twindow.mc4wp.listeners.push(\n\t\t\t\t\t{\n\t\t\t\t\t\tevent   : evt,\n\t\t\t\t\t\tcallback: cb\n\t\t\t\t\t}\n\t\t\t\t);\n\t\t\t}\n\t\t}\n\t}\n})();\n<\/script><!-- Mailchimp for WordPress v4.11.1 - https:\/\/wordpress.org\/plugins\/mailchimp-for-wp\/ --><form id=\"mc4wp-form-1\" class=\"mc4wp-form mc4wp-form-1960\" method=\"post\" data-id=\"1960\" data-name=\"Newsletter skriving.de\" ><div class=\"mc4wp-form-fields\"><p>\r\n\t<label>E-Mail-Adresse: <\/label>\r\n\t<input type=\"email\" name=\"EMAIL\" placeholder=\"Ihre E-Mail-Adresse\" required \/>\r\n<\/p>\r\n\r\n<p>\r\n\t<input type=\"submit\" value=\"Newsletter abonnieren\" \/>\r\n<\/p><\/div><label style=\"display: none !important;\">Wenn du ein Mensch bist, lasse das Feld leer: <input type=\"text\" name=\"_mc4wp_honeypot\" value=\"\" tabindex=\"-1\" autocomplete=\"off\" \/><\/label><input type=\"hidden\" name=\"_mc4wp_timestamp\" value=\"1776501706\" \/><input type=\"hidden\" name=\"_mc4wp_form_id\" value=\"1960\" \/><input type=\"hidden\" name=\"_mc4wp_form_element_id\" value=\"mc4wp-form-1\" \/><div class=\"mc4wp-response\"><\/div><\/form><!-- \/ Mailchimp for WordPress Plugin -->\n<hr \/>\n<h2>Wie h\u00e4ufig wird der Newsletter versendet?<\/h2>\n<p>Der skriving-Newsletter wird in unregelm\u00e4\u00dfigen Abst\u00e4nden versendet, im Regelfall aber nicht h\u00e4ufiger als einmal im Monat.<\/p>\n<h2>Welche Inhalte stehen im Newsletter?<\/h2>\n<p>Mit dem skriving-Newsletter informiere ich Sie \u00fcber die Themen Kreatives Schreiben, Selfpublishing, Lektorat und Literatur. Sie erhalten Hinweise auf neue Blogartikel sowie auf andere Neuigkeiten aus meiner Schreibwerkstatt.<\/p>\n<h2>An- und Abmeldung<\/h2>\n<p>Nach dem Eingeben Ihrer E-Mail-Adresse erhalten Sie eine automatisch generierte Best\u00e4tigungsmail, die einen Link zum Best\u00e4tigen des Newsletter-Abonnements enth\u00e4lt. Solange dieser Link nicht angeklickt wird, werden auch keine Newsletter an die angegebene E-Mail-Adresse gesendet.<\/p>\n<p>Vom Newsletter wieder abmelden k\u00f6nnen Sie sich \u00fcber den Abmeldelink, den Sie im Fu\u00dfbereich jedes Newsletters finden.<\/p>\n<h2>Versand \u00fcber MailChimp<\/h2>\n<p>F\u00fcr den Versand des Newsletters kommt <a href=\"http:\/\/www.mailchimp.com\">MailChimp<\/a> zum Einsatz. Die E-Mail-Adressen der Newsletterabonnenten sowie statistische Daten zum Versand werden auf den Servern von MailChimp gespeichert.<\/p>\n<h2>Statistische Daten<\/h2>\n<p>MailChimp speichert Daten dar\u00fcber, wie h\u00e4ufig die Newsletter von Lesern ge\u00f6ffnet werden und welche Links die Leser anklicken. Diese Daten dienen der Optimierung des Newsletters.<\/p>\n<h2>Datenschutzhinweise<\/h2>\n<p>In meiner <a href=\"https:\/\/www.skriving.de\/wordpress\/datenschutzerklaerung\/\">Datenschutzerkl\u00e4rung<\/a> k\u00f6nnen Sie weitere Informationen zum Newsletter-Versand, zur Speicherung von Daten durch MailChimp und zu den M\u00f6glichkeiten des Widerrufs nachlesen.<\/p>\n<p>&nbsp;<\/p>\n","protected":false},"excerpt":{"rendered":"<p>M\u00f6chten Sie auch in Zukunft wissen, was bei skriving.de so los ist? Dann abonnieren Sie doch einfach meinen Newsletter! So bekommen Sie regelm\u00e4\u00dfig Neuigkeiten direkt in Ihre Mailbox geliefert &#8211; zum Beispiel zu meiner Schreibwerkstatt oder einfach zu neuen Blog-Artikeln. Einfach Ihre E-Mail-Adresse eintragen und los geht&#8217;s Wie h\u00e4ufig wird der Newsletter versendet? Der skriving-Newsletter [&hellip;]<\/p>\n","protected":false},"author":1,"featured_media":0,"parent":0,"menu_order":0,"comment_status":"closed","ping_status":"closed","template":"","meta":{"om_disable_all_campaigns":false,"_monsterinsights_skip_tracking":false,"_monsterinsights_sitenote_active":false,"_monsterinsights_sitenote_note":"","_monsterinsights_sitenote_category":0,"footnotes":""},"class_list":["post-1974","page","type-page","status-publish","hentry"],"aioseo_notices":[],"_links":{"self":[{"href":"https:\/\/www.skriving.de\/wordpress\/wp-json\/wp\/v2\/pages\/1974","targetHints":{"allow":["GET"]}}],"collection":[{"href":"https:\/\/www.skriving.de\/wordpress\/wp-json\/wp\/v2\/pages"}],"about":[{"href":"https:\/\/www.skriving.de\/wordpress\/wp-json\/wp\/v2\/types\/page"}],"author":[{"embeddable":true,"href":"https:\/\/www.skriving.de\/wordpress\/wp-json\/wp\/v2\/users\/1"}],"replies":[{"embeddable":true,"href":"https:\/\/www.skriving.de\/wordpress\/wp-json\/wp\/v2\/comments?post=1974"}],"version-history":[{"count":8,"href":"https:\/\/www.skriving.de\/wordpress\/wp-json\/wp\/v2\/pages\/1974\/revisions"}],"predecessor-version":[{"id":3774,"href":"https:\/\/www.skriving.de\/wordpress\/wp-json\/wp\/v2\/pages\/1974\/revisions\/3774"}],"wp:attachment":[{"href":"https:\/\/www.skriving.de\/wordpress\/wp-json\/wp\/v2\/media?parent=1974"}],"curies":[{"name":"wp","href":"https:\/\/api.w.org\/{rel}","templated":true}]}}