{"id":175,"date":"2015-07-08T08:30:05","date_gmt":"2015-07-08T06:30:05","guid":{"rendered":"http:\/\/www.skriving.de\/wordpress\/?page_id=175"},"modified":"2026-02-03T07:56:20","modified_gmt":"2026-02-03T06:56:20","slug":"termine","status":"publish","type":"page","link":"https:\/\/www.skriving.de\/wordpress\/termine\/","title":{"rendered":"Termine"},"content":{"rendered":"<p>Meine Seminare und Lesungen, Netzwerk-Veranstaltungen und Fortbildungen sowie Termin-Tipps.<\/p>\n<p><strong>Jeden Samstagabend ab 18 Uhr gibt es in M\u00fcnster ein Treffen von Shut up &amp; Write<\/strong> in der Bar Celona. Anmeldung und Organisation via <a href=\"https:\/\/www.meetup.com\/de-DE\/shut-up-write-munster\/\" target=\"_blank\" rel=\"noopener\">Meetup<\/a>.<\/p>\n<p>Ungef\u00e4hr monatlich gibt es in M\u00fcnster ein Treffen der Schreibgruppe Sem;kolon. Hier findet ihr die <a href=\"https:\/\/www.muenster.org\/semikolon\" target=\"_blank\" rel=\"noopener\"><strong>Themenank\u00fcndigung<\/strong> <\/a>und mehr.<\/p>\n<h2>Februar 2026<\/h2>\n<ul>\n<li><a title=\"Jahreskurs Schreibimpulse \u2013 Bilderschreiben\" href=\"https:\/\/www.skriving.de\/wordpress\/schreibwerkstatt\/jahreskurs-schreibimpulse\/\" target=\"_blank\" rel=\"noopener\"><strong>Jahreskurs Schreibimpulse &#8211; Bilderschreiben<\/strong><\/a>: w\u00f6chentliche Foto-Schreibanregung mit inspirierenden Fragen per Mail; Einstieg jederzeit m\u00f6glich<\/li>\n<li>08. Februar 2026: <a href=\"https:\/\/doris-reich.com\/\" target=\"_blank\" rel=\"noopener\"><strong>Auf Du und Du mit dir selbst<\/strong><\/a> &#8211; klar und entspannt mit Journal Writing. Mit Doris Reich im Kreativ-Haus M\u00fcnster<\/li>\n<li>21. Februar 2026:<a title=\"Postkartenkrimis\" href=\"https:\/\/www.skriving.de\/wordpress\/schreibwerkstatt\/postkartenkrimis\/\"><strong> Postkartenkrimis &#8211; kurz und knapp und m\u00f6rderisch gut.<\/strong> <\/a>Mit Maike Frie im Kreativ-Haus M\u00fcnster<\/li>\n<\/ul>\n<h2>M\u00e4rz 2026:<\/h2>\n<ul>\n<li><a title=\"Jahreskurs Schreibimpulse \u2013 Bilderschreiben\" href=\"https:\/\/www.skriving.de\/wordpress\/schreibwerkstatt\/jahreskurs-schreibimpulse\/\" target=\"_blank\" rel=\"noopener\"><strong>Jahreskurs Schreibimpulse &#8211; Bilderschreiben<\/strong><\/a>: w\u00f6chentliche Foto-Schreibanregung mit inspirierenden Fragen per Mail; Einstieg jederzeit m\u00f6glich<\/li>\n<li>19.-22.03.: <a href=\"https:\/\/www.leipziger-buchmesse.de\/\" target=\"_blank\" rel=\"noopener\"><strong>Leipziger Buchmesse<\/strong><\/a><\/li>\n<li>28. M\u00e4rz 2026: <a href=\"https:\/\/eva-lerche.de\/kreatives-schreiben\" target=\"_blank\" rel=\"noopener\"><strong>Meine Held*innenreise<\/strong><\/a> &#8211; neue Perspektiven auf das eigene Leben. Mit Eva-Maria Lerche im Kreativ-Haus M\u00fcnster<\/li>\n<\/ul>\n<h2>April 2026:<\/h2>\n<ul>\n<li><a title=\"Jahreskurs Schreibimpulse \u2013 Bilderschreiben\" href=\"https:\/\/www.skriving.de\/wordpress\/schreibwerkstatt\/jahreskurs-schreibimpulse\/\" target=\"_blank\" rel=\"noopener\"><strong>Jahreskurs Schreibimpulse &#8211; Bilderschreiben<\/strong><\/a>: w\u00f6chentliche Foto-Schreibanregung mit inspirierenden Fragen per Mail; Einstieg jederzeit m\u00f6glich<\/li>\n<li>12. April 2026:<a href=\"https:\/\/www.katjaschreibt.de\/schreiben-mit-katja-1\/\" target=\"_blank\" rel=\"noopener\"><strong> Figuren entwickeln<\/strong> <\/a>&#8211; das Personal f\u00fcr \u00fcberzeugende Geschichten. Mit Kajta Angenent im Kreativ-Haus M\u00fcnster<\/li>\n<li>19. April 2026: <a href=\"https:\/\/doris-reich.com\/\" target=\"_blank\" rel=\"noopener\"><strong>Die Rollen meines Lebens<\/strong><\/a> &#8211; biografisches Schreiben \u00fcber Rollen und Wandel. Mit Doris Reich im Kreativ-Haus M\u00fcnster<\/li>\n<li>ab 21. April: Spezialisierung im Lektorat: <strong><a href=\"https:\/\/veranstaltungskalender.vfll.de\/detail\/kompaktkurs-kinder-und-jugendbucher-lektorieren-121820\" target=\"_blank\" rel=\"noopener\">Kompaktkurs &#8220;Kinder- und Jugendb\u00fccher lektorieren&#8221;<\/a><\/strong> bei der VFLL-Akademie<\/li>\n<li>25. April 2026:\u00a0<a title=\"Textperimente\" href=\"https:\/\/www.skriving.de\/wordpress\/schreibwerkstatt\/textperimente\/\" target=\"_blank\" rel=\"noopener\"><strong>Textperimente<\/strong><\/a> im Kreativ-Haus M\u00fcnster: Ein Tag rund ums Kreative Schreiben mit Katja Angenent, Brigitte Borchers, Maike Frie, Eva-Maria Lerche, Nina Kl\u00fcmpers und Doris Reich im Kreativ-Haus M\u00fcnster<\/li>\n<\/ul>\n<h2>Mai 2026:<\/h2>\n<ul>\n<li><a title=\"Jahreskurs Schreibimpulse \u2013 Bilderschreiben\" href=\"https:\/\/www.skriving.de\/wordpress\/schreibwerkstatt\/jahreskurs-schreibimpulse\/\" target=\"_blank\" rel=\"noopener\"><strong>Jahreskurs Schreibimpulse &#8211; Bilderschreiben<\/strong><\/a>: w\u00f6chentliche Foto-Schreibanregung mit inspirierenden Fragen per Mail; Einstieg jederzeit m\u00f6glich<\/li>\n<\/ul>\n<h2>Juni 2026:<\/h2>\n<ul>\n<li><a title=\"Jahreskurs Schreibimpulse \u2013 Bilderschreiben\" href=\"https:\/\/www.skriving.de\/wordpress\/schreibwerkstatt\/jahreskurs-schreibimpulse\/\" target=\"_blank\" rel=\"noopener\"><strong>Jahreskurs Schreibimpulse &#8211; Bilderschreiben<\/strong><\/a>: w\u00f6chentliche Foto-Schreibanregung mit inspirierenden Fragen per Mail; Einstieg jederzeit m\u00f6glich<\/li>\n<li>20. Juni 2026: <a title=\"Impulstage\" href=\"https:\/\/www.skriving.de\/wordpress\/schreibwerkstatt\/impulstage-kreatives-schreiben\/\"><strong>Impulstag Kreatives Schreiben &#8211; wir textperimentieren.<\/strong> <\/a>Mit Maike Frie Im Kreativ-Haus M\u00fcnster<\/li>\n<\/ul>\n<h2>Juli 2026:<\/h2>\n<ul>\n<li><a title=\"Jahreskurs Schreibimpulse \u2013 Bilderschreiben\" href=\"https:\/\/www.skriving.de\/wordpress\/schreibwerkstatt\/jahreskurs-schreibimpulse\/\" target=\"_blank\" rel=\"noopener\"><strong>Jahreskurs Schreibimpulse &#8211; Bilderschreiben<\/strong><\/a>: w\u00f6chentliche Foto-Schreibanregung mit inspirierenden Fragen per Mail; Einstieg jederzeit m\u00f6glich<\/li>\n<\/ul>\n<h2>August:<\/h2>\n<ul>\n<li><a title=\"Jahreskurs Schreibimpulse \u2013 Bilderschreiben\" href=\"https:\/\/www.skriving.de\/wordpress\/schreibwerkstatt\/jahreskurs-schreibimpulse\/\" target=\"_blank\" rel=\"noopener\"><strong>Jahreskurs Schreibimpulse &#8211; Bilderschreiben<\/strong><\/a>: w\u00f6chentliche Foto-Schreibanregung mit inspirierenden Fragen per Mail; Einstieg jederzeit m\u00f6glich<\/li>\n<\/ul>\n<h2>September:<\/h2>\n<ul>\n<li><a title=\"Jahreskurs Schreibimpulse \u2013 Bilderschreiben\" href=\"https:\/\/www.skriving.de\/wordpress\/schreibwerkstatt\/jahreskurs-schreibimpulse\/\" target=\"_blank\" rel=\"noopener\"><strong>Jahreskurs Schreibimpulse &#8211; Bilderschreiben<\/strong><\/a>: w\u00f6chentliche Foto-Schreibanregung mit inspirierenden Fragen per Mail; Einstieg jederzeit m\u00f6glich<\/li>\n<\/ul>\n<h2>Oktober 2026:<\/h2>\n<ul>\n<li>07.-11.10.: <strong><a href=\"https:\/\/www.buchmesse.de\/\" target=\"_blank\" rel=\"noopener\">Buchmesse Frankfurt (Ehrengast Tschechien)<\/a><\/strong><\/li>\n<\/ul>\n<h2>Januar 2027:<\/h2>\n<ul>\n<li>23.01., 10-16 Uhr: <a title=\"Motivierender Planungsworkshop\" href=\"https:\/\/www.skriving.de\/wordpress\/schreibwerkstatt\/literaturwettbewerbe\/\" target=\"_blank\" rel=\"noopener\"><strong>Motivierender Planungsworkshop<\/strong><\/a> (online via Treffpunkt Schreiben) mit Maike Frie &#8211; literarische Jahresplanung und Schreiben f\u00fcr Wettbewerbe und Literaturzeitschriften<\/li>\n<\/ul>\n<h2>Oktober 2027:<\/h2>\n<ul>\n<li>06.-10.10.: <strong><a href=\"https:\/\/www.buchmesse.de\/\" target=\"_blank\" rel=\"noopener\">Buchmesse Frankfurt (Ehrengast Chile)<\/a><\/strong><\/li>\n<\/ul>\n","protected":false},"excerpt":{"rendered":"<p>Meine Seminare und Lesungen, Netzwerk-Veranstaltungen und Fortbildungen sowie Termin-Tipps. Jeden Samstagabend ab 18 Uhr gibt es in M\u00fcnster ein Treffen von Shut up &amp; Write in der Bar Celona. Anmeldung und Organisation via Meetup. Ungef\u00e4hr monatlich gibt es in M\u00fcnster ein Treffen der Schreibgruppe Sem;kolon. Hier findet ihr die Themenank\u00fcndigung und mehr. Februar 2026 Jahreskurs [&hellip;]<\/p>\n","protected":false},"author":1,"featured_media":0,"parent":0,"menu_order":0,"comment_status":"closed","ping_status":"closed","template":"","meta":{"om_disable_all_campaigns":false,"_monsterinsights_skip_tracking":false,"_monsterinsights_sitenote_active":false,"_monsterinsights_sitenote_note":"","_monsterinsights_sitenote_category":0,"footnotes":""},"class_list":["post-175","page","type-page","status-publish","hentry"],"aioseo_notices":[],"_links":{"self":[{"href":"https:\/\/www.skriving.de\/wordpress\/wp-json\/wp\/v2\/pages\/175","targetHints":{"allow":["GET"]}}],"collection":[{"href":"https:\/\/www.skriving.de\/wordpress\/wp-json\/wp\/v2\/pages"}],"about":[{"href":"https:\/\/www.skriving.de\/wordpress\/wp-json\/wp\/v2\/types\/page"}],"author":[{"embeddable":true,"href":"https:\/\/www.skriving.de\/wordpress\/wp-json\/wp\/v2\/users\/1"}],"replies":[{"embeddable":true,"href":"https:\/\/www.skriving.de\/wordpress\/wp-json\/wp\/v2\/comments?post=175"}],"version-history":[{"count":177,"href":"https:\/\/www.skriving.de\/wordpress\/wp-json\/wp\/v2\/pages\/175\/revisions"}],"predecessor-version":[{"id":4340,"href":"https:\/\/www.skriving.de\/wordpress\/wp-json\/wp\/v2\/pages\/175\/revisions\/4340"}],"wp:attachment":[{"href":"https:\/\/www.skriving.de\/wordpress\/wp-json\/wp\/v2\/media?parent=175"}],"curies":[{"name":"wp","href":"https:\/\/api.w.org\/{rel}","templated":true}]}}