{"id":13,"date":"2015-06-26T10:42:08","date_gmt":"2015-06-26T08:42:08","guid":{"rendered":"http:\/\/www.skriving.de\/wordpress\/?page_id=13"},"modified":"2026-02-03T08:01:38","modified_gmt":"2026-02-03T07:01:38","slug":"start","status":"publish","type":"page","link":"https:\/\/www.skriving.de\/wordpress\/","title":{"rendered":"skriving"},"content":{"rendered":"<figure id=\"attachment_1982\" aria-labelledby=\"figcaption_attachment_1982\" class=\"wp-caption alignleft\" style=\"width: 257px\"><a href=\"https:\/\/www.skriving.de\/wordpress\/wp-content\/uploads\/2015\/06\/Maike-Frie-2015_klein.jpg\"><img loading=\"lazy\" decoding=\"async\" class=\"size-full wp-image-1982\" src=\"https:\/\/www.skriving.de\/wordpress\/wp-content\/uploads\/2018\/03\/maike-frie-257-386px.jpg\" alt=\"Maike Frie | Foto: Melanie Fleischer\" width=\"257\" height=\"386\" srcset=\"https:\/\/www.skriving.de\/wordpress\/wp-content\/uploads\/2018\/03\/maike-frie-257-386px.jpg 257w, https:\/\/www.skriving.de\/wordpress\/wp-content\/uploads\/2018\/03\/maike-frie-257-386px-200x300.jpg 200w\" sizes=\"auto, (max-width: 257px) 100vw, 257px\" \/><\/a><figcaption id=\"figcaption_attachment_1982\" class=\"wp-caption-text\">Foto: Melanie Fleischer<\/figcaption><\/figure>\n<p>Gute Texte sind wie Fingerabdr\u00fccke: individuell.<\/p>\n<p>Und individuell ist auch, was es rund um Texte und Geschichten bei skriving &#8211; Lektorat &#8211; Text &#8211; Norwegisch &#8211; von Maike Frie aus M\u00fcnster gibt.<\/p>\n<p>Bitte umschauen!<\/p>\n<ul>\n<li><a href=\"https:\/\/www.skriving.de\/wordpress\/schreibwerkstatt\/\" target=\"_blank\" rel=\"noopener noreferrer\">Schreibwerkstatt<\/a>: Themen wie &#8220;Textperimente&#8221; am Kreativ-Haus M\u00fcnster, &#8220;Blackout Poetry&#8221; oder der Tageskurse im Schreibraum M\u00fcnster f\u00fcr bunte Tage voller Schreibinspiration oder zum Selbstlektorat<\/li>\n<li><a href=\"https:\/\/www.skriving.de\/wordpress\/lektorat\/\" target=\"_blank\" rel=\"noopener noreferrer\">Lektorat<\/a>: Manuskriptbearbeitung und -begleitung f\u00fcr Schreibende auf der Suche nach einer Literaturagentur oder einem Verlag, f\u00fcr Selfpublisher*innen und f\u00fcr Verlage &#8211; verschiedene Genres im Bereich Belletristik; gerne Jugendbuch, gerne Fantasy<\/li>\n<li><a href=\"https:\/\/www.skriving.de\/wordpress\/aus-dem-lektorat-odinsbarn\/\" target=\"_blank\" rel=\"noopener noreferrer\">\u00dcbersetzungslektorat:<\/a> f\u00fcr B\u00fccher, die aus dem Norwegischen, D\u00e4nischen oder Schwedischen ins Deutsche \u00fcbersetzt werden<\/li>\n<li><a href=\"https:\/\/www.skriving.de\/wordpress\/persoenlich\/\" target=\"_blank\" rel=\"noopener noreferrer\">belletristische Texte<\/a>: Ver\u00f6ffentlichungen von Kurzgeschichten in diversen Literaturzeitschriften und Anthologieprojekten seit 2006<\/li>\n<li>Fachtexte rund ums Kreative Schreiben auf Blogs und in Magazinen<\/li>\n<li>im <a href=\"https:\/\/www.skriving.de\/wordpress\/blog\/\" target=\"_blank\" rel=\"noopener noreferrer\">Blog<\/a> gibt es Interviews mit anderen SchreibtrainerInnen, Rezensionen zu Schreibratgebern und B\u00fcchern von meinem Lektorats-Schreibtisch, Tipps rund ums Kreative Schreiben mit Informationen zu meinen Kursen und zu Norwegen sowie interessante Netzwerk-Geschichten<\/li>\n<\/ul>\n<p style=\"text-align: right;\"><strong>+++ aktuell: +++<\/strong><\/p>\n<p style=\"text-align: right;\"><strong>2026<\/strong>: <a title=\"Jahreskurs Schreibimpulse \u2013 Bilderschreiben\" href=\"https:\/\/www.skriving.de\/wordpress\/schreibwerkstatt\/jahreskurs-schreibimpulse\/\" target=\"_blank\" rel=\"noopener\"><strong>Jahreskurs Schreibimpulse &#8211; Bilderschreiben<\/strong><\/a>: w\u00f6chentliche Foto-Schreibanregung mit inspirierenden Fragen per Mail; mit Maike Frie; Einstieg laufend m\u00f6glich<\/p>\n<p style=\"text-align: right;\"><a href=\"https:\/\/www.skriving.de\/wordpress\/wp-content\/uploads\/2025\/11\/Schreibschwung-2026-Muenster-Doris-Reich-scaled.jpg\"><img loading=\"lazy\" decoding=\"async\" class=\"size-medium wp-image-4231 alignright\" src=\"https:\/\/www.skriving.de\/wordpress\/wp-content\/uploads\/2025\/11\/Schreibschwung-2026-Muenster-Doris-Reich-300x212.jpg\" alt=\"Postkarte Schreibschwung 2026 von Doris Reich mit Kreativ-Angeboten\" width=\"300\" height=\"212\" srcset=\"https:\/\/www.skriving.de\/wordpress\/wp-content\/uploads\/2025\/11\/Schreibschwung-2026-Muenster-Doris-Reich-300x212.jpg 300w, https:\/\/www.skriving.de\/wordpress\/wp-content\/uploads\/2025\/11\/Schreibschwung-2026-Muenster-Doris-Reich-1024x724.jpg 1024w, https:\/\/www.skriving.de\/wordpress\/wp-content\/uploads\/2025\/11\/Schreibschwung-2026-Muenster-Doris-Reich-768x543.jpg 768w, https:\/\/www.skriving.de\/wordpress\/wp-content\/uploads\/2025\/11\/Schreibschwung-2026-Muenster-Doris-Reich-scaled.jpg 1448w\" sizes=\"auto, (max-width: 300px) 100vw, 300px\" \/><\/a>21. Februar 2026:<a title=\"Postkartenkrimis\" href=\"https:\/\/www.skriving.de\/wordpress\/schreibwerkstatt\/postkartenkrimis\/\"><strong> Postkartenkrimis &#8211; kurz und knapp und m\u00f6rderisch gut.<\/strong> <\/a>Mit Maike Frie im Kreativ-Haus M\u00fcnster<\/p>\n<p style=\"text-align: right;\">28.\/29. M\u00e4rz 2026: <a href=\"https:\/\/eva-lerche.de\/kreatives-schreiben\" target=\"_blank\" rel=\"noopener\"><strong>Meine Held*innenreise<\/strong><\/a> &#8211; neue Perspektiven auf das eigene Leben. Mit Eva-Maria Lerche im Kreativ-Haus M\u00fcnster<\/p>\n<p style=\"text-align: right;\">12. April 2026: <a href=\"https:\/\/www.katjaschreibt.de\/schreiben-mit-katja-1\/\" target=\"_blank\" rel=\"noopener\"><strong>Figuren entwickeln<\/strong><\/a> &#8211; das Personal f\u00fcr \u00fcberzeugende Geschichten. Mit Katja Angenent im Kreativ-Haus M\u00fcnster.<\/p>\n<p style=\"text-align: right;\">ab 21. April: Spezialisierung im Lektorat: <strong><a href=\"https:\/\/veranstaltungskalender.vfll.de\/detail\/kompaktkurs-kinder-und-jugendbucher-lektorieren-121820\" target=\"_blank\" rel=\"noopener\">Kompaktkurs &#8220;Kinder- und Jugendb\u00fccher lektorieren&#8221;<\/a><\/strong> bei der VFLL-Akademie &#8211; darin am 28. April &#8220;Zusammenarbeit mit Verlagen und Selfpublisher*innen&#8221; mit Meike Blatzheim und Maike Frie sowie am 9. Juni &#8220;Jugendb\u00fccher&#8221; mit Maike Frie<\/p>\n<p style=\"text-align: right;\">19. April 2026: <a href=\"https:\/\/doris-reich.com\/\" target=\"_blank\" rel=\"noopener\"><strong>Die Rollen meines Lebens<\/strong><\/a> &#8211; biografisches Schreiben \u00fcber Rollen und Wandel. Mit Doris Reich im Kreativ-Haus M\u00fcnster<\/p>\n<p style=\"text-align: right;\">25. April 2026:\u00a0<a title=\"Textperimente\" href=\"https:\/\/www.skriving.de\/wordpress\/schreibwerkstatt\/textperimente\/\" target=\"_blank\" rel=\"noopener\"><strong>Textperimente<\/strong><\/a> im Kreativ-Haus M\u00fcnster: Ein Tag rund ums Kreative Schreiben mit Katja Angenent, Maike Frie, Eva-Maria Lerche, Nina Kl\u00fcmpers und Doris Reich im Kreativ-Haus M\u00fcnster<\/p>\n<p style=\"text-align: right;\">20. Juni 2026: <a title=\"Impulstage\" href=\"https:\/\/www.skriving.de\/wordpress\/schreibwerkstatt\/impulstage-kreatives-schreiben\/\"><strong>Impulstag Kreatives Schreiben &#8211; wir textperimentieren.<\/strong> <\/a>Mit Maike Frie im Kreativ-Haus M\u00fcnster<\/p>\n<p><strong><a title=\"Motivierender Planungsworkshop\" href=\"https:\/\/www.skriving.de\/wordpress\/schreibwerkstatt\/literaturwettbewerbe\/\" target=\"_blank\" rel=\"noopener\">Motivierender Planungsworkshop<\/a> (online via Treffpunkt Schreiben) <\/strong>mit Maike Frie: <strong>23. Januar 2027<\/strong> &#8211; literarische Jahresplanung und Schreiben f\u00fcr Ausschreibungen<\/p>\n","protected":false},"excerpt":{"rendered":"<p>Gute Texte sind wie Fingerabdr\u00fccke: individuell. Und individuell ist auch, was es rund um Texte und Geschichten bei skriving &#8211; Lektorat &#8211; Text &#8211; Norwegisch &#8211; von Maike Frie aus M\u00fcnster gibt. Bitte umschauen! Schreibwerkstatt: Themen wie &#8220;Textperimente&#8221; am Kreativ-Haus M\u00fcnster, &#8220;Blackout Poetry&#8221; oder der Tageskurse im Schreibraum M\u00fcnster f\u00fcr bunte Tage voller Schreibinspiration oder [&hellip;]<\/p>\n","protected":false},"author":1,"featured_media":0,"parent":0,"menu_order":0,"comment_status":"closed","ping_status":"closed","template":"","meta":{"om_disable_all_campaigns":false,"_monsterinsights_skip_tracking":false,"_monsterinsights_sitenote_active":false,"_monsterinsights_sitenote_note":"","_monsterinsights_sitenote_category":0,"footnotes":""},"class_list":["post-13","page","type-page","status-publish","hentry"],"aioseo_notices":[],"_links":{"self":[{"href":"https:\/\/www.skriving.de\/wordpress\/wp-json\/wp\/v2\/pages\/13","targetHints":{"allow":["GET"]}}],"collection":[{"href":"https:\/\/www.skriving.de\/wordpress\/wp-json\/wp\/v2\/pages"}],"about":[{"href":"https:\/\/www.skriving.de\/wordpress\/wp-json\/wp\/v2\/types\/page"}],"author":[{"embeddable":true,"href":"https:\/\/www.skriving.de\/wordpress\/wp-json\/wp\/v2\/users\/1"}],"replies":[{"embeddable":true,"href":"https:\/\/www.skriving.de\/wordpress\/wp-json\/wp\/v2\/comments?post=13"}],"version-history":[{"count":214,"href":"https:\/\/www.skriving.de\/wordpress\/wp-json\/wp\/v2\/pages\/13\/revisions"}],"predecessor-version":[{"id":4343,"href":"https:\/\/www.skriving.de\/wordpress\/wp-json\/wp\/v2\/pages\/13\/revisions\/4343"}],"wp:attachment":[{"href":"https:\/\/www.skriving.de\/wordpress\/wp-json\/wp\/v2\/media?parent=13"}],"curies":[{"name":"wp","href":"https:\/\/api.w.org\/{rel}","templated":true}]}}