{"id":11,"date":"2015-06-26T10:41:18","date_gmt":"2015-06-26T08:41:18","guid":{"rendered":"http:\/\/www.skriving.de\/wordpress\/?page_id=11"},"modified":"2026-02-02T15:47:36","modified_gmt":"2026-02-02T14:47:36","slug":"lektorat","status":"publish","type":"page","link":"https:\/\/www.skriving.de\/wordpress\/lektorat\/","title":{"rendered":"Lektorat"},"content":{"rendered":"<p>Aus jedem Text kann man noch ein bisschen mehr herausholen\u00a0\u2013 aus Steinen im Weg kann ein gutes Lektorat Sterne machen. Und dabei geht es um mehr als um einen ausgetauschten Buchstaben &#8230;<\/p>\n<p><a href=\"https:\/\/www.skriving.de\/wordpress\/wp-content\/uploads\/2017\/12\/Postkarte-Lektorat-Steine-Sterne-Maike-Frie.jpg\"><img loading=\"lazy\" decoding=\"async\" class=\"aligncenter wp-image-1818 size-large\" src=\"https:\/\/www.skriving.de\/wordpress\/wp-content\/uploads\/2017\/12\/Postkarte-Lektorat-Steine-Sterne-Maike-Frie-1024x726.jpg\" alt=\"Postkarte-Lektorat-Steine-Sterne-Maike-Frie\" width=\"1024\" height=\"726\" srcset=\"https:\/\/www.skriving.de\/wordpress\/wp-content\/uploads\/2017\/12\/Postkarte-Lektorat-Steine-Sterne-Maike-Frie-1024x726.jpg 1024w, https:\/\/www.skriving.de\/wordpress\/wp-content\/uploads\/2017\/12\/Postkarte-Lektorat-Steine-Sterne-Maike-Frie-300x213.jpg 300w, https:\/\/www.skriving.de\/wordpress\/wp-content\/uploads\/2017\/12\/Postkarte-Lektorat-Steine-Sterne-Maike-Frie-768x545.jpg 768w, https:\/\/www.skriving.de\/wordpress\/wp-content\/uploads\/2017\/12\/Postkarte-Lektorat-Steine-Sterne-Maike-Frie.jpg 1444w\" sizes=\"auto, (max-width: 1024px) 100vw, 1024px\" \/><\/a><\/p>\n<p>F\u00fcr Lektorinnen und Lektoren ist Perfektionismus nichts Negatives \u2013 und den biete ich Ihnen. Denn Sie und Ihre Texte sind es wert: Schlie\u00dflich sind Ihre Texte Ihre Visitenkarte \u2013 machen Sie die zu nichts weniger als Ihrem Fingerabdruck.<\/p>\n<h2>F\u00fcr wen lektoriert skriving Manuskripte?<\/h2>\n<p>Ich arbeite f\u00fcr<\/p>\n<ul>\n<li>Autor*innen vor der Agentur- oder Verlagssuche<\/li>\n<li>Selfpublisher*innen<\/li>\n<li>Verlage<\/li>\n<li>Literaturagenturen<\/li>\n<\/ul>\n<h2>Gibt es bestimmte Fachgebiete im Lektorat?<\/h2>\n<p>Ich arbeite mit belletristischen Texten, weil ich damit sowohl als Lektorin als auch als Autorin und Schreibwerkst\u00e4ttenleiterin jahrelange Erfahrung habe. Im Laufe der Zeit haben sich einige Schwerpunkte herausgebildet:<\/p>\n<ul>\n<li>Fantasy<\/li>\n<li>Jugendbuch<\/li>\n<li>Kinderbuch<\/li>\n<li>Kurzgeschichten<\/li>\n<li>Skandinavien<\/li>\n<\/ul>\n<p>Diese Genres bearbeite ich jedoch nicht ausschlie\u00dflich, sondern bin auch in anderen Bereichen der Belletristik unterwegs. Falls etwas nicht zu mir passt, habe ich im <a href=\"https:\/\/www.vfll.de\/\" target=\"_blank\" rel=\"noopener noreferrer\">Verband der freien Lektorinnen und Lektoren<\/a> ein erfahrenes Netzwerk von Kolleginnen und Kollegen, die weiterhelfen k\u00f6nnen.<\/p>\n<h2>Wie gestaltet sich so eine Zusammenarbeit im Lektorat?<\/h2>\n<p>Bei einer Anfrage f\u00fcr ein Lektorat ist es gut, direkt einige Informationen \u00fcber den zu bearbeitetenden Text mitzuschicken:<\/p>\n<ul>\n<li>Stadium des Textes (erst teilweise geschrieben, Rohfassung, \u00fcberarbeitete Fassung, &#8230;)<\/li>\n<li>(geplante) Zeichenzahl des Gesamttextes<\/li>\n<li>Figuren\u00fcbersicht und -charakterisierungen (falls vorhanden, insbesondere bei umfangreichen Projekten)<\/li>\n<li>Expos\u00e9 oder Klappentext oder Handlungs\u00fcbersicht bzw. Zusammenfassung der einzelnen Kapitel (falls vorhanden)<\/li>\n<li>Was haben Sie mit dem Text vor? Einsendung f\u00fcr einen Wettbewerb, an eine Agentur, an einen Verlag, Selfpublishing, f\u00fcr den eigenen Gebrauch &#8230;<\/li>\n<li>Welche Erfahrungen haben Sie als Autorin\/Autor?<\/li>\n<li>Welche Schwerpunkte w\u00fcnschen Sie bei einem Lektorat? Z. B. Figurenzeichnung, Spannungsbogen, Dialoge, Beschreibungen, Textaufbau, &#8230;<\/li>\n<\/ul>\n<p>Au\u00dferdem sollten Sie ein paar Probeseiten des Manuskriptes, bevorzugt den Anfang, mitschicken.<\/p>\n<p>Diese Unterlagen schaue ich mir an, sch\u00e4tze meinen Arbeitsaufwand und sende ein konkretes Angebot mit dem Vorschlag f\u00fcr eine <strong>Auftragsvereinbarung<\/strong> zur\u00fcck. Darin halten wir die wichtigsten Punkt fest \u2013 vom Zeitplan \u00fcber die Anzahl der Durchl\u00e4ufe bis zu besonderen Schreibweisen. In der Regel ist mein Angebot ein Pauschalangebot f\u00fcr den Gesamttext, denn so k\u00f6nnen Sie am besten einsch\u00e4tzen, welche Kosten auf Sie zukommen w\u00fcrden. Alternativ sind Seitenpreise oder ein Stundenhonorar m\u00f6glich.<\/p>\n<h2>Gibt es ein Probelektorat?<\/h2>\n<p>Damit Sie meine Arbeitsweise einsch\u00e4tzen k\u00f6nnen, ist es sinnvoll, ein kurzes <strong>Probelektorat<\/strong> zu vereinbaren. So k\u00f6nnen Sie unverbindlich sehen, ob meine Art von Kommentaren und Anmerkungen hilfreich f\u00fcr Ihre Arbeit ist und bekommen Hinweise darauf, welche Punkte f\u00fcr Sie beim \u00dcberarbeiten relevant sind. Ein Probelektorat umfasst rund f\u00fcnf Manuskriptseiten und kostet 50 Euro (brutto).<\/p>\n<h2>Und wie werden die Manuskripte lektoriert?<\/h2>\n<p>Das kann von Auftrag zu Auftrag verschieden sein. Von meiner Seite aus sind Korrekturen und Anmerkungen auf diesen Wegen m\u00f6glich:<\/p>\n<ul>\n<li>in einem Schreibprogramm (Word bevorzugt, andere Formate bzw. Umwandlungen m\u00f6glich)<\/li>\n<li>im pdf<\/li>\n<li>in Papyrus Autor<\/li>\n<li>handschriftlich auf Ausdrucken<\/li>\n<\/ul>\n<h2>Was geh\u00f6rt eigentlich zu einem Lektorat?<\/h2>\n<p>Im Lektorat wird intensiv am Text gearbeitet: Anmerkungen zur inneren Logik des Textes, zum Aufbau, zum Stil, zur Figurenzeichnung, zu den Dialogen usw. Hierf\u00fcr gibt es mehrere passende Zeitpunkte:<\/p>\n<ul>\n<li>w\u00e4hrend des Schreibprozesses, falls der Autor oder die Autorin kontinuierliche R\u00fcckmeldungen w\u00fcnscht<\/li>\n<li>wenn das Manuskript fertiggestellt ist<\/li>\n<li>als Manuskriptberatung, wenn eine Entscheidung dar\u00fcber ansteht, welche Projekte weiter verfolgt werden sollen, wof\u00fcr sich ein Text eignet usw.<\/li>\n<\/ul>\n<p>Einem gr\u00fcndlichen Lektorat sollte immer noch ein Korrektorat folgen, weil oft noch so intensiv am Text gearbeitet wird, dass ein Buchstabendreher hinein- und manchmal etwas aus den S\u00e4tzen herausger\u00e4t.<\/p>\n<h2>Und ein \u00dcbersetzungslektorat?<\/h2>\n<p>Ein \u00dcbersetzungslektorat ist ein spezielles Lektorat. Dabei hat die Lektorin neben der \u00dcbersetzung auch das Originalmanuskript im Blick. Gearbeitet wird weniger am Grundger\u00fcst der Geschichte &#8211; denn das ist ja schon in der Originalsprache ver\u00f6ffentlicht -, sondern an einer stimmigen \u00dcbersetzung. Sind die Begriffe \u00fcberall gleich \u00fcbernommen? Ist da eine Formulierung aus der Ursprungssprache im Deutschen gelandet, die wir idiomatisch nicht verwenden w\u00fcrden?<\/p>\n<p>Ein sch\u00f6nes Beispiel f\u00fcr ein <a href=\"https:\/\/www.skriving.de\/wordpress\/aus-dem-lektorat-odinsbarn\/\" target=\"_blank\" rel=\"noopener noreferrer\">\u00dcbersetzungslektorat<\/a> ist die <a href=\"https:\/\/www.w1-media.de\/produkte\/die-rabenringe-odinskind-bd-1-1244?verlag=arctis\" target=\"_blank\" rel=\"noopener noreferrer\">Rabenringe-Trilogie<\/a> von Siri Pettersen im Arctis-Verlag, an der ich mitwirken durfte.<\/p>\n<p>\u00dcbersetzerInnen \u00fcbersetzen am besten aus einer ihnen sehr vertrauten Sprache in ihre Muttersprache. So ist es auch beim \u00dcbersetzungslektorat. Deshalb biete ich \u00dcbersetzungslektorate f\u00fcr \u00dcbersetzungen <strong>aus dem Norwegischen ins Deutsche<\/strong> an, je nach Projekt auch aus dem D\u00e4nischen und Schwedischen.<\/p>\n<h2>Was bedeutet Korrektorat?<\/h2>\n<p>Wenn ein Text fertiggestellt ist, das Lektorat und die \u00dcberarbeitungsprozesse abgeschlossen sind, der Abgabetermin vor der T\u00fcr steht oder ein Autor keine tieferen Eingriffe mehr m\u00f6chte, dann ist ein Korrektorat genau passend, denn es werden die <strong>Fehler korrigiert<\/strong>.<\/p>\n<p>Rechtschreibung, Grammatik, Zeichensetzung, Satzbau \u2013 all das geh\u00f6rt zu einem <strong>Korrektorat<\/strong>.<\/p>\n<h2>Manuskriptcoaching &#8211; oder was es sonst noch gibt<\/h2>\n<p>Manche Schreibende freuen sich \u00fcber Unterst\u00fctzung bereits w\u00e4hrend des kreativen Prozesses. Erfahrene Lektorinnen und Lektoren begleiten von der Ideenfindung \u00fcber die Materialsuche und Kapitelstrukturierung bis zum Schreiben. Auch f\u00fcr die Entscheidung, welches Schreibprojekt sinnvoll weiterverfolgt werden soll, kann ein Lektorat hilfreich sein.<\/p>\n<p>Das kann bei pers\u00f6nlichen Gespr\u00e4chen, per telefonischem oder via E-Mail-Austausch geschehen.<\/p>\n<h2>Welche Qualifikationen hat eine Lektorin oder ein Lektor eigentlich?<\/h2>\n<p>Das ist sehr unterschiedlich. Bei mir hat sich der Weg zum Lektorat \u00fcber ein geisteswissenschaftliches Studium mit den Schwerpunkten Skandinavistik, Germanistik und Kulturmanagement und eine Agentur in die Freiberuflichkeit ergeben. Im Berufsverband der freien Lektorinnen und Lektoren bilde ich mich regelm\u00e4\u00dfig fort und an der <a href=\"https:\/\/www.medien-akademie.de\/seminarkategorie\/seminare\/freies-lektorat\/\" target=\"_blank\" rel=\"noopener noreferrer\">Akademie der Deutschen Medien<\/a> habe ich das Zertifikat &#8220;Freie Lektorin (ADM)&#8221; erworben.<\/p>\n<p>&nbsp;<\/p>\n<p>&nbsp;<\/p>\n","protected":false},"excerpt":{"rendered":"<p>Aus jedem Text kann man noch ein bisschen mehr herausholen\u00a0\u2013 aus Steinen im Weg kann ein gutes Lektorat Sterne machen. Und dabei geht es um mehr als um einen ausgetauschten Buchstaben &#8230; F\u00fcr Lektorinnen und Lektoren ist Perfektionismus nichts Negatives \u2013 und den biete ich Ihnen. Denn Sie und Ihre Texte sind es wert: Schlie\u00dflich [&hellip;]<\/p>\n","protected":false},"author":1,"featured_media":0,"parent":0,"menu_order":0,"comment_status":"closed","ping_status":"closed","template":"","meta":{"om_disable_all_campaigns":false,"_monsterinsights_skip_tracking":false,"_monsterinsights_sitenote_active":false,"_monsterinsights_sitenote_note":"","_monsterinsights_sitenote_category":0,"footnotes":""},"class_list":["post-11","page","type-page","status-publish","hentry"],"aioseo_notices":[],"_links":{"self":[{"href":"https:\/\/www.skriving.de\/wordpress\/wp-json\/wp\/v2\/pages\/11","targetHints":{"allow":["GET"]}}],"collection":[{"href":"https:\/\/www.skriving.de\/wordpress\/wp-json\/wp\/v2\/pages"}],"about":[{"href":"https:\/\/www.skriving.de\/wordpress\/wp-json\/wp\/v2\/types\/page"}],"author":[{"embeddable":true,"href":"https:\/\/www.skriving.de\/wordpress\/wp-json\/wp\/v2\/users\/1"}],"replies":[{"embeddable":true,"href":"https:\/\/www.skriving.de\/wordpress\/wp-json\/wp\/v2\/comments?post=11"}],"version-history":[{"count":30,"href":"https:\/\/www.skriving.de\/wordpress\/wp-json\/wp\/v2\/pages\/11\/revisions"}],"predecessor-version":[{"id":4337,"href":"https:\/\/www.skriving.de\/wordpress\/wp-json\/wp\/v2\/pages\/11\/revisions\/4337"}],"wp:attachment":[{"href":"https:\/\/www.skriving.de\/wordpress\/wp-json\/wp\/v2\/media?parent=11"}],"curies":[{"name":"wp","href":"https:\/\/api.w.org\/{rel}","templated":true}]}}